{"id":94,"date":"2019-12-08T15:31:27","date_gmt":"2019-12-08T14:31:27","guid":{"rendered":"http:\/\/amsh.dk\/?page_id=94"},"modified":"2026-03-23T11:47:42","modified_gmt":"2026-03-23T10:47:42","slug":"beskyttet-beskaeftigelse","status":"publish","type":"page","link":"https:\/\/amsh.dk\/?page_id=94","title":{"rendered":"Beskyttet besk\u00e6ftigelse"},"content":{"rendered":"\t\t<div data-elementor-type=\"wp-page\" data-elementor-id=\"94\" class=\"elementor elementor-94\" data-elementor-post-type=\"page\">\n\t\t\t\t<div class=\"elementor-element elementor-element-1bfa299 e-flex e-con-boxed e-con e-parent\" data-id=\"1bfa299\" data-element_type=\"container\">\n\t\t\t\t\t<div class=\"e-con-inner\">\n\t\t\t\t<div class=\"elementor-element elementor-element-388a3b5 elementor-invisible elementor-widget elementor-widget-heading\" data-id=\"388a3b5\" data-element_type=\"widget\" data-settings=\"{&quot;_animation&quot;:&quot;fadeInLeft&quot;}\" data-widget_type=\"heading.default\">\n\t\t\t\t\t<h2 class=\"elementor-heading-title elementor-size-default\">beskyttet besk\u00e6ftigelse<\/h2>\t\t\t\t<\/div>\n\t\t\t\t\t<\/div>\n\t\t\t\t<\/div>\n\t\t<div class=\"elementor-element elementor-element-205ec67 e-flex e-con-boxed e-con e-parent\" data-id=\"205ec67\" data-element_type=\"container\">\n\t\t\t\t\t<div class=\"e-con-inner\">\n\t\t<div class=\"elementor-element elementor-element-e3637a8 e-con-full e-flex e-con e-child\" data-id=\"e3637a8\" data-element_type=\"container\">\n\t\t\t\t<div class=\"elementor-element elementor-element-245eedc elementor-widget elementor-widget-text-editor\" data-id=\"245eedc\" data-element_type=\"widget\" data-widget_type=\"text-editor.default\">\n\t\t\t\t\t\t\t\t\t<p data-start=\"333\" data-end=\"494\">Vi tror p\u00e5, at alle mennesker trives bedst, n\u00e5r de er en del af et arbejdsf\u00e6llesskab, hvor man l\u00f8fter opgaverne sammen og oplever, at ens indsats g\u00f8r en forskel.<\/p><p data-start=\"496\" data-end=\"719\">Hos os m\u00f8der man en <strong data-start=\"516\" data-end=\"557\">rummelig og anerkendende arbejdsplads<\/strong>, hvor hver enkelt bidrager med netop de ressourcer, de har. Vi tilpasser arbejdsopgaverne individuelt, s\u00e5 alle kan lykkes og opleve udvikling i deres eget tempo.<\/p>\t\t\t\t\t\t\t\t<\/div>\n\t\t\t\t<\/div>\n\t\t<div class=\"elementor-element elementor-element-bababb9 e-con-full e-flex e-con e-child\" data-id=\"bababb9\" data-element_type=\"container\">\n\t\t\t\t<div class=\"elementor-element elementor-element-336d4da elementor-invisible elementor-widget elementor-widget-image\" data-id=\"336d4da\" data-element_type=\"widget\" data-settings=\"{&quot;_animation&quot;:&quot;fadeInDown&quot;}\" data-widget_type=\"image.default\">\n\t\t\t\t\t\t\t\t\t\t\t\t\t\t\t<img loading=\"lazy\" decoding=\"async\" width=\"720\" height=\"960\" src=\"https:\/\/amsh.dk\/wp-content\/uploads\/2025\/12\/116337135_3480640671960141_2665090291692732898_n.jpg\" class=\"attachment-large size-large wp-image-743\" alt=\"\" \/>\t\t\t\t\t\t\t\t\t\t\t\t\t\t\t<\/div>\n\t\t\t\t<\/div>\n\t\t\t\t\t<\/div>\n\t\t\t\t<\/div>\n\t\t<div class=\"elementor-element elementor-element-19088f4 e-flex e-con-boxed e-con e-parent\" data-id=\"19088f4\" data-element_type=\"container\">\n\t\t\t\t\t<div class=\"e-con-inner\">\n\t\t<div class=\"elementor-element elementor-element-932d21d e-flex e-con-boxed e-con e-child\" data-id=\"932d21d\" data-element_type=\"container\">\n\t\t\t\t\t<div class=\"e-con-inner\">\n\t\t\t\t<div class=\"elementor-element elementor-element-bad29e0 elementor-invisible elementor-widget elementor-widget-image\" data-id=\"bad29e0\" data-element_type=\"widget\" data-settings=\"{&quot;_animation&quot;:&quot;fadeInUp&quot;}\" data-widget_type=\"image.default\">\n\t\t\t\t\t\t\t\t\t\t\t\t\t\t\t<img loading=\"lazy\" decoding=\"async\" width=\"750\" height=\"777\" src=\"https:\/\/amsh.dk\/wp-content\/uploads\/2025\/12\/476846278_1037487291746396_1213235052678250640_n.jpg\" class=\"attachment-large size-large wp-image-852\" alt=\"\" srcset=\"https:\/\/amsh.dk\/wp-content\/uploads\/2025\/12\/476846278_1037487291746396_1213235052678250640_n.jpg 750w, https:\/\/amsh.dk\/wp-content\/uploads\/2025\/12\/476846278_1037487291746396_1213235052678250640_n-290x300.jpg 290w\" sizes=\"auto, (max-width: 750px) 100vw, 750px\" \/>\t\t\t\t\t\t\t\t\t\t\t\t\t\t\t<\/div>\n\t\t\t\t\t<\/div>\n\t\t\t\t<\/div>\n\t\t<div class=\"elementor-element elementor-element-cfdb300 e-flex e-con-boxed e-con e-child\" data-id=\"cfdb300\" data-element_type=\"container\">\n\t\t\t\t\t<div class=\"e-con-inner\">\n\t\t\t\t<div class=\"elementor-element elementor-element-1507991 elementor-widget elementor-widget-text-editor\" data-id=\"1507991\" data-element_type=\"widget\" data-widget_type=\"text-editor.default\">\n\t\t\t\t\t\t\t\t\t<p data-start=\"721\" data-end=\"1009\">Samtidig er der et st\u00e6rkt fokus p\u00e5 det <strong data-start=\"760\" data-end=\"777\">f\u00e6lles ansvar<\/strong> for at l\u00f8se virksomhedens mange opgaver p\u00e5 og omkring Naturcenter Amager og i Naturpark Amager. Her skaber skovhj\u00e6lperne hver dag synlige resultater i naturen \u2013 fra praktiske serviceopgaver til vedligeholdelse, naturpleje og drift.<\/p><p data-start=\"1011\" data-end=\"1250\">Hos Amager Skovhj\u00e6lpere er det menneskene, der er motoren.<br data-start=\"1069\" data-end=\"1072\" \/>Deres engagement og ressourcer driver arbejdspladsen fremad, og hver enkelt opgave er afg\u00f8rende for vores f\u00e6lles succes og for den positive forskel, vi skaber i naturen hver dag.<\/p>\t\t\t\t\t\t\t\t<\/div>\n\t\t\t\t\t<\/div>\n\t\t\t\t<\/div>\n\t\t\t\t\t<\/div>\n\t\t\t\t<\/div>\n\t\t<div class=\"elementor-element elementor-element-5f6cc76f e-con-full e-flex e-con e-parent\" data-id=\"5f6cc76f\" data-element_type=\"container\" data-settings=\"{&quot;background_background&quot;:&quot;classic&quot;}\">\n\t\t\t\t<\/div>\n\t\t\t\t<\/div>\n\t\t","protected":false},"excerpt":{"rendered":"<p>beskyttet besk\u00e6ftigelse Vi tror p\u00e5, at alle mennesker trives bedst, n\u00e5r de er en del af et arbejdsf\u00e6llesskab, hvor man l\u00f8fter opgaverne sammen og oplever, at ens indsats g\u00f8r en forskel. Hos os m\u00f8der man en rummelig og anerkendende arbejdsplads, hvor hver enkelt bidrager med netop de ressourcer, de har. Vi tilpasser arbejdsopgaverne individuelt, s\u00e5 [&hellip;]<\/p>\n","protected":false},"author":1,"featured_media":846,"parent":88,"menu_order":2,"comment_status":"closed","ping_status":"closed","template":"","meta":{"ngg_post_thumbnail":0,"footnotes":""},"class_list":["post-94","page","type-page","status-publish","has-post-thumbnail","hentry"],"_links":{"self":[{"href":"https:\/\/amsh.dk\/index.php?rest_route=\/wp\/v2\/pages\/94","targetHints":{"allow":["GET"]}}],"collection":[{"href":"https:\/\/amsh.dk\/index.php?rest_route=\/wp\/v2\/pages"}],"about":[{"href":"https:\/\/amsh.dk\/index.php?rest_route=\/wp\/v2\/types\/page"}],"author":[{"embeddable":true,"href":"https:\/\/amsh.dk\/index.php?rest_route=\/wp\/v2\/users\/1"}],"replies":[{"embeddable":true,"href":"https:\/\/amsh.dk\/index.php?rest_route=%2Fwp%2Fv2%2Fcomments&post=94"}],"version-history":[{"count":26,"href":"https:\/\/amsh.dk\/index.php?rest_route=\/wp\/v2\/pages\/94\/revisions"}],"predecessor-version":[{"id":1973,"href":"https:\/\/amsh.dk\/index.php?rest_route=\/wp\/v2\/pages\/94\/revisions\/1973"}],"up":[{"embeddable":true,"href":"https:\/\/amsh.dk\/index.php?rest_route=\/wp\/v2\/pages\/88"}],"wp:featuredmedia":[{"embeddable":true,"href":"https:\/\/amsh.dk\/index.php?rest_route=\/wp\/v2\/media\/846"}],"wp:attachment":[{"href":"https:\/\/amsh.dk\/index.php?rest_route=%2Fwp%2Fv2%2Fmedia&parent=94"}],"curies":[{"name":"wp","href":"https:\/\/api.w.org\/{rel}","templated":true}]}}