{"id":91,"date":"2019-12-08T15:27:50","date_gmt":"2019-12-08T14:27:50","guid":{"rendered":"http:\/\/amsh.dk\/?page_id=91"},"modified":"2026-03-23T11:25:34","modified_gmt":"2026-03-23T10:25:34","slug":"stu","status":"publish","type":"page","link":"https:\/\/amsh.dk\/?page_id=91","title":{"rendered":"STU"},"content":{"rendered":"\t\t<div data-elementor-type=\"wp-page\" data-elementor-id=\"91\" class=\"elementor elementor-91\" data-elementor-post-type=\"page\">\n\t\t\t\t<div class=\"elementor-element elementor-element-bfeb2b4 e-flex e-con-boxed e-con e-parent\" data-id=\"bfeb2b4\" data-element_type=\"container\">\n\t\t\t\t\t<div class=\"e-con-inner\">\n\t\t\t\t<div class=\"elementor-element elementor-element-ff38ead elementor-invisible elementor-widget elementor-widget-heading\" data-id=\"ff38ead\" data-element_type=\"widget\" data-settings=\"{&quot;_animation&quot;:&quot;fadeInLeft&quot;}\" data-widget_type=\"heading.default\">\n\t\t\t\t\t<h2 class=\"elementor-heading-title elementor-size-default\"><font>S\u00e6rlig tilrettelagt<br> ungdomsuddannelse<\/font><font><\/font><\/h2>\t\t\t\t<\/div>\n\t\t\t\t\t<\/div>\n\t\t\t\t<\/div>\n\t\t<div class=\"elementor-element elementor-element-1ae06253 e-flex e-con-boxed e-con e-parent\" data-id=\"1ae06253\" data-element_type=\"container\">\n\t\t\t\t\t<div class=\"e-con-inner\">\n\t\t\t\t<div class=\"elementor-element elementor-element-3caed036 elementor-widget elementor-widget-text-editor\" data-id=\"3caed036\" data-element_type=\"widget\" data-widget_type=\"text-editor.default\">\n\t\t\t\t\t\t\t\t\t<p>Et STU-forl\u00f8b hos Amager Skovhj\u00e6lpere er p\u00e5 en og samme gang et dannelses- og uddannelsesforl\u00f8b, en form for mesterl\u00e6re, hvor du l\u00e6rer at \u201dmestre\u201d arbejdslivet, samtidig med at du modtager undervisning.<\/p><p>Vi inviterer dig ind i et arbejdsf\u00e6llesskab, med de pligter og det ansvar som h\u00f8rer til p\u00e5 en arbejdsplads.<\/p><p>En rummelig arbejdsplads og skole, hvor alle bidrager med de ressourcer de har til r\u00e5dighed. Arbejdsopgaverne tilrettel\u00e6gges individuelt, men det der er i fokus i hverdagen, er vores f\u00e6lles ansvar for at l\u00f8se opgaver skolens\/virksomhedens opgaver.<\/p><p>Opgaverne er mange, men best\u00e5r prim\u00e6rt af skov-og naturpleje, pasning af dyr og betjening\u00a0 af vores butik.\u00a0\u00a0<\/p><p>N\u00e5r vi l\u00e6rer og arbejder sammen i og med naturen, udvikler vi gode venskaber, vi f\u00f8ler os trykke og f\u00e5r nemmere ved at arbejde med os selv, b\u00e5de p\u00e5 det personlig, sociale og faglige omr\u00e5de.<\/p><p><strong><a href=\"https:\/\/amsh.dk\/?page_id=1879\" target=\"_blank\" rel=\"noopener\">Dansk og matematik<\/a> <\/strong>undervisningen foreg\u00e5r i sm\u00e5 grupper og tilrettel\u00e6gges ud fra den enkeltes behov.<\/p><p>Lyder dette som noget for dig? Kan du kontakte din UU-vejleder eller kontakte os p\u00e5 kontakt@amsh.dk eller ringe til:<\/p><p>Mads Madsen tlf.: 60 65 00 45<\/p><p>Natascha Schlottmann tlf.: 61 38 9 746\u00a0<\/p>\t\t\t\t\t\t\t\t<\/div>\n\t\t\t\t\t<\/div>\n\t\t\t\t<\/div>\n\t\t<div class=\"elementor-element elementor-element-16d48436 e-con-full e-flex e-con e-parent\" data-id=\"16d48436\" data-element_type=\"container\" data-settings=\"{&quot;background_background&quot;:&quot;classic&quot;}\">\n\t\t\t\t<\/div>\n\t\t\t\t<\/div>\n\t\t","protected":false},"excerpt":{"rendered":"<p>S\u00e6rlig tilrettelagt ungdomsuddannelse Et STU-forl\u00f8b hos Amager Skovhj\u00e6lpere er p\u00e5 en og samme gang et dannelses- og uddannelsesforl\u00f8b, en form for mesterl\u00e6re, hvor du l\u00e6rer at \u201dmestre\u201d arbejdslivet, samtidig med at du modtager undervisning. Vi inviterer dig ind i et arbejdsf\u00e6llesskab, med de pligter og det ansvar som h\u00f8rer til p\u00e5 en arbejdsplads. En rummelig [&hellip;]<\/p>\n","protected":false},"author":1,"featured_media":744,"parent":88,"menu_order":1,"comment_status":"closed","ping_status":"closed","template":"","meta":{"ngg_post_thumbnail":0,"footnotes":""},"class_list":["post-91","page","type-page","status-publish","has-post-thumbnail","hentry"],"_links":{"self":[{"href":"https:\/\/amsh.dk\/index.php?rest_route=\/wp\/v2\/pages\/91","targetHints":{"allow":["GET"]}}],"collection":[{"href":"https:\/\/amsh.dk\/index.php?rest_route=\/wp\/v2\/pages"}],"about":[{"href":"https:\/\/amsh.dk\/index.php?rest_route=\/wp\/v2\/types\/page"}],"author":[{"embeddable":true,"href":"https:\/\/amsh.dk\/index.php?rest_route=\/wp\/v2\/users\/1"}],"replies":[{"embeddable":true,"href":"https:\/\/amsh.dk\/index.php?rest_route=%2Fwp%2Fv2%2Fcomments&post=91"}],"version-history":[{"count":47,"href":"https:\/\/amsh.dk\/index.php?rest_route=\/wp\/v2\/pages\/91\/revisions"}],"predecessor-version":[{"id":1946,"href":"https:\/\/amsh.dk\/index.php?rest_route=\/wp\/v2\/pages\/91\/revisions\/1946"}],"up":[{"embeddable":true,"href":"https:\/\/amsh.dk\/index.php?rest_route=\/wp\/v2\/pages\/88"}],"wp:featuredmedia":[{"embeddable":true,"href":"https:\/\/amsh.dk\/index.php?rest_route=\/wp\/v2\/media\/744"}],"wp:attachment":[{"href":"https:\/\/amsh.dk\/index.php?rest_route=%2Fwp%2Fv2%2Fmedia&parent=91"}],"curies":[{"name":"wp","href":"https:\/\/api.w.org\/{rel}","templated":true}]}}