{"id":88,"date":"2019-12-08T15:21:46","date_gmt":"2019-12-08T14:21:46","guid":{"rendered":"http:\/\/amsh.dk\/?page_id=88"},"modified":"2026-03-23T11:23:53","modified_gmt":"2026-03-23T10:23:53","slug":"vi-tilbyder","status":"publish","type":"page","link":"https:\/\/amsh.dk\/?page_id=88","title":{"rendered":"Vi tilbyder"},"content":{"rendered":"\t\t<div data-elementor-type=\"wp-page\" data-elementor-id=\"88\" class=\"elementor elementor-88\" data-elementor-post-type=\"page\">\n\t\t\t\t<div class=\"elementor-element elementor-element-9f855ab e-flex e-con-boxed e-con e-parent\" data-id=\"9f855ab\" data-element_type=\"container\">\n\t\t\t\t\t<div class=\"e-con-inner\">\n\t\t\t\t<div class=\"elementor-element elementor-element-787432e elementor-invisible elementor-widget elementor-widget-heading\" data-id=\"787432e\" data-element_type=\"widget\" data-settings=\"{&quot;_animation&quot;:&quot;fadeInLeft&quot;}\" data-widget_type=\"heading.default\">\n\t\t\t\t\t<h2 class=\"elementor-heading-title elementor-size-default\">vi tilbyder<\/h2>\t\t\t\t<\/div>\n\t\t\t\t\t<\/div>\n\t\t\t\t<\/div>\n\t\t<div class=\"elementor-element elementor-element-b457ba4 e-flex e-con-boxed e-con e-parent\" data-id=\"b457ba4\" data-element_type=\"container\">\n\t\t\t\t\t<div class=\"e-con-inner\">\n\t\t\t\t<div class=\"elementor-element elementor-element-62ca653 elementor-widget elementor-widget-text-editor\" data-id=\"62ca653\" data-element_type=\"widget\" data-widget_type=\"text-editor.default\">\n\t\t\t\t\t\t\t\t\t<p>Hos Amager Skovhj\u00e6lpere tilbyder vi et trygt, praksisn\u00e6rt og meningsfuldt l\u00e6rings- og arbejdsf\u00e6llesskab, hvor unge og voksne kan udvikle sig i rammer, der skaber ro, struktur og mulighed for at lykkes.<\/p><p>Vores <a href=\"https:\/\/amsh.dk\/?page_id=91\"><strong data-start=\"478\" data-end=\"492\">STU-forl\u00f8b<\/strong><\/a> giver eleverne en hverdag, hvor l\u00e6ring sker gennem virkelige opgaver i naturen, i v\u00e6rkstederne og omkring Naturcenter Amager \u2013 altid med fokus p\u00e5 personlig trivsel, sociale kompetencer og faglig udvikling.<\/p><p>Vi tilbyder ogs\u00e5 <a href=\"https:\/\/amsh.dk\/?page_id=94\"><strong data-start=\"716\" data-end=\"743\">beskyttet besk\u00e6ftigelse<\/strong><\/a> for borgere, der har brug for st\u00f8tte, overskuelige arbejdsopgaver og et stabilt f\u00e6llesskab, hvor man kan bidrage p\u00e5 egne pr\u00e6misser.<\/p><p>For borgere i <a href=\"https:\/\/amsh.dk\/?page_id=100\"><strong data-start=\"890\" data-end=\"910\">arbejdsafklaring<\/strong><\/a> skaber vi klare rammer, hvor man gennem praktiske opgaver f\u00e5r afpr\u00f8vet ressourcer, arbejdsevne og fremtidige muligheder i sit eget tempo.<\/p><p>Derudover tilbyder vi <a href=\"https:\/\/amsh.dk\/?page_id=106\"><strong data-start=\"1071\" data-end=\"1088\">almen praktik<\/strong><\/a>, hvor unge og voksne kan pr\u00f8ve kr\u00e6fter med forskellige arbejdsomr\u00e5der, opbygge erfaring og f\u00e5 en solid hverdagserfaring, der kan hj\u00e6lpe videre i job, uddannelse eller afklaring. F\u00e6lles for alle vores tilbud er, at vi m\u00f8der mennesker med tydelighed, n\u00e6rv\u00e6r og rummelighed \u2013 og skaber et milj\u00f8, hvor alle kan vokse, l\u00e6re og v\u00e6re en del af et st\u00e6rkt f\u00e6llesskab.<\/p>\t\t\t\t\t\t\t\t<\/div>\n\t\t\t\t\t<\/div>\n\t\t\t\t<\/div>\n\t\t<div class=\"elementor-element elementor-element-73124c46 e-con-full e-flex e-con e-parent\" data-id=\"73124c46\" data-element_type=\"container\" data-settings=\"{&quot;background_background&quot;:&quot;classic&quot;}\">\n\t\t\t\t<\/div>\n\t\t\t\t<\/div>\n\t\t","protected":false},"excerpt":{"rendered":"<p>vi tilbyder Hos Amager Skovhj\u00e6lpere tilbyder vi et trygt, praksisn\u00e6rt og meningsfuldt l\u00e6rings- og arbejdsf\u00e6llesskab, hvor unge og voksne kan udvikle sig i rammer, der skaber ro, struktur og mulighed for at lykkes. Vores STU-forl\u00f8b giver eleverne en hverdag, hvor l\u00e6ring sker gennem virkelige opgaver i naturen, i v\u00e6rkstederne og omkring Naturcenter Amager \u2013 altid [&hellip;]<\/p>\n","protected":false},"author":1,"featured_media":820,"parent":0,"menu_order":2,"comment_status":"closed","ping_status":"closed","template":"","meta":{"ngg_post_thumbnail":0,"footnotes":""},"class_list":["post-88","page","type-page","status-publish","has-post-thumbnail","hentry"],"_links":{"self":[{"href":"https:\/\/amsh.dk\/index.php?rest_route=\/wp\/v2\/pages\/88","targetHints":{"allow":["GET"]}}],"collection":[{"href":"https:\/\/amsh.dk\/index.php?rest_route=\/wp\/v2\/pages"}],"about":[{"href":"https:\/\/amsh.dk\/index.php?rest_route=\/wp\/v2\/types\/page"}],"author":[{"embeddable":true,"href":"https:\/\/amsh.dk\/index.php?rest_route=\/wp\/v2\/users\/1"}],"replies":[{"embeddable":true,"href":"https:\/\/amsh.dk\/index.php?rest_route=%2Fwp%2Fv2%2Fcomments&post=88"}],"version-history":[{"count":26,"href":"https:\/\/amsh.dk\/index.php?rest_route=\/wp\/v2\/pages\/88\/revisions"}],"predecessor-version":[{"id":1942,"href":"https:\/\/amsh.dk\/index.php?rest_route=\/wp\/v2\/pages\/88\/revisions\/1942"}],"wp:featuredmedia":[{"embeddable":true,"href":"https:\/\/amsh.dk\/index.php?rest_route=\/wp\/v2\/media\/820"}],"wp:attachment":[{"href":"https:\/\/amsh.dk\/index.php?rest_route=%2Fwp%2Fv2%2Fmedia&parent=88"}],"curies":[{"name":"wp","href":"https:\/\/api.w.org\/{rel}","templated":true}]}}