{"id":85,"date":"2019-12-08T15:16:49","date_gmt":"2019-12-08T14:16:49","guid":{"rendered":"http:\/\/amsh.dk\/?page_id=85"},"modified":"2026-03-23T11:19:50","modified_gmt":"2026-03-23T10:19:50","slug":"priser","status":"publish","type":"page","link":"https:\/\/amsh.dk\/?page_id=85","title":{"rendered":"Priser"},"content":{"rendered":"\t\t<div data-elementor-type=\"wp-page\" data-elementor-id=\"85\" class=\"elementor elementor-85\" data-elementor-post-type=\"page\">\n\t\t\t\t<div class=\"elementor-element elementor-element-1faac87 e-flex e-con-boxed e-con e-parent\" data-id=\"1faac87\" data-element_type=\"container\">\n\t\t\t\t\t<div class=\"e-con-inner\">\n\t\t\t\t<div class=\"elementor-element elementor-element-c351e68 elementor-invisible elementor-widget elementor-widget-heading\" data-id=\"c351e68\" data-element_type=\"widget\" data-settings=\"{&quot;_animation&quot;:&quot;fadeInLeft&quot;}\" data-widget_type=\"heading.default\">\n\t\t\t\t\t<h2 class=\"elementor-heading-title elementor-size-default\">priser<\/h2>\t\t\t\t<\/div>\n\t\t\t\t\t<\/div>\n\t\t\t\t<\/div>\n\t\t<div class=\"elementor-element elementor-element-4d9633d e-flex e-con-boxed e-con e-parent\" data-id=\"4d9633d\" data-element_type=\"container\">\n\t\t\t\t\t<div class=\"e-con-inner\">\n\t\t\t\t<div class=\"elementor-element elementor-element-3401f29 elementor-widget elementor-widget-text-editor\" data-id=\"3401f29\" data-element_type=\"widget\" data-widget_type=\"text-editor.default\">\n\t\t\t\t\t\t\t\t\t<p>Beskyttet besk\u00e6ftigelse \u00a7 103 &#8211; 3049,20 kr. pr. uge<\/p><p>STU &#8211; 4250 kr. pr. uge<\/p><p>Praktik og S\u00e6rligt Tilbud &#8211; 2200 kr. pr. uge<\/p><p>Ressourceforl\u00f8b &#8211; 3100 kr. pr. uge<\/p><p>Mentor tilk\u00f8b- 450 kr. i timen<\/p>\t\t\t\t\t\t\t\t<\/div>\n\t\t\t\t\t<\/div>\n\t\t\t\t<\/div>\n\t\t<div class=\"elementor-element elementor-element-4605771 e-flex e-con-boxed e-con e-parent\" data-id=\"4605771\" data-element_type=\"container\">\n\t\t\t\t\t<div class=\"e-con-inner\">\n\t\t<div class=\"elementor-element elementor-element-d6b9ef8 e-con-full e-flex e-con e-child\" data-id=\"d6b9ef8\" data-element_type=\"container\">\n\t\t\t\t<div class=\"elementor-element elementor-element-38ccfa9 animated-slow elementor-invisible elementor-widget elementor-widget-image\" data-id=\"38ccfa9\" data-element_type=\"widget\" data-settings=\"{&quot;_animation&quot;:&quot;fadeInDown&quot;}\" data-widget_type=\"image.default\">\n\t\t\t\t\t\t\t\t\t\t\t\t\t\t\t<img loading=\"lazy\" decoding=\"async\" width=\"768\" height=\"1024\" src=\"https:\/\/amsh.dk\/wp-content\/uploads\/2025\/12\/484894144_9566225330093244_8174122651679079113_n-768x1024.jpg\" class=\"attachment-large size-large wp-image-866\" alt=\"\" srcset=\"https:\/\/amsh.dk\/wp-content\/uploads\/2025\/12\/484894144_9566225330093244_8174122651679079113_n-768x1024.jpg 768w, https:\/\/amsh.dk\/wp-content\/uploads\/2025\/12\/484894144_9566225330093244_8174122651679079113_n-225x300.jpg 225w, https:\/\/amsh.dk\/wp-content\/uploads\/2025\/12\/484894144_9566225330093244_8174122651679079113_n-1152x1536.jpg 1152w, https:\/\/amsh.dk\/wp-content\/uploads\/2025\/12\/484894144_9566225330093244_8174122651679079113_n.jpg 1536w\" sizes=\"auto, (max-width: 768px) 100vw, 768px\" \/>\t\t\t\t\t\t\t\t\t\t\t\t\t\t\t<\/div>\n\t\t\t\t<\/div>\n\t\t<div class=\"elementor-element elementor-element-192eabb e-con-full e-flex e-con e-child\" data-id=\"192eabb\" data-element_type=\"container\">\n\t\t\t\t<div class=\"elementor-element elementor-element-46a3b3c animated-slow elementor-invisible elementor-widget elementor-widget-image\" data-id=\"46a3b3c\" data-element_type=\"widget\" data-settings=\"{&quot;_animation&quot;:&quot;fadeInUp&quot;}\" data-widget_type=\"image.default\">\n\t\t\t\t\t\t\t\t\t\t\t\t\t\t\t<img loading=\"lazy\" decoding=\"async\" width=\"768\" height=\"1024\" src=\"https:\/\/amsh.dk\/wp-content\/uploads\/2025\/12\/491626566_10047753135248829_8780741728841620058_n-768x1024.jpg\" class=\"attachment-large size-large wp-image-834\" alt=\"\" srcset=\"https:\/\/amsh.dk\/wp-content\/uploads\/2025\/12\/491626566_10047753135248829_8780741728841620058_n-768x1024.jpg 768w, https:\/\/amsh.dk\/wp-content\/uploads\/2025\/12\/491626566_10047753135248829_8780741728841620058_n-225x300.jpg 225w, https:\/\/amsh.dk\/wp-content\/uploads\/2025\/12\/491626566_10047753135248829_8780741728841620058_n-1152x1536.jpg 1152w, https:\/\/amsh.dk\/wp-content\/uploads\/2025\/12\/491626566_10047753135248829_8780741728841620058_n.jpg 1536w\" sizes=\"auto, (max-width: 768px) 100vw, 768px\" \/>\t\t\t\t\t\t\t\t\t\t\t\t\t\t\t<\/div>\n\t\t\t\t<\/div>\n\t\t\t\t\t<\/div>\n\t\t\t\t<\/div>\n\t\t<div class=\"elementor-element elementor-element-24b848f5 e-con-full e-flex e-con e-parent\" data-id=\"24b848f5\" data-element_type=\"container\" data-settings=\"{&quot;background_background&quot;:&quot;classic&quot;}\">\n\t\t\t\t<\/div>\n\t\t\t\t<\/div>\n\t\t","protected":false},"excerpt":{"rendered":"<p>priser Beskyttet besk\u00e6ftigelse \u00a7 103 &#8211; 3049,20 kr. pr. uge STU &#8211; 4250 kr. pr. uge Praktik og S\u00e6rligt Tilbud &#8211; 2200 kr. pr. uge Ressourceforl\u00f8b &#8211; 3100 kr. pr. uge Mentor tilk\u00f8b- 450 kr. i timen<\/p>\n","protected":false},"author":1,"featured_media":854,"parent":58,"menu_order":8,"comment_status":"closed","ping_status":"closed","template":"","meta":{"ngg_post_thumbnail":0,"footnotes":""},"class_list":["post-85","page","type-page","status-publish","has-post-thumbnail","hentry"],"_links":{"self":[{"href":"https:\/\/amsh.dk\/index.php?rest_route=\/wp\/v2\/pages\/85","targetHints":{"allow":["GET"]}}],"collection":[{"href":"https:\/\/amsh.dk\/index.php?rest_route=\/wp\/v2\/pages"}],"about":[{"href":"https:\/\/amsh.dk\/index.php?rest_route=\/wp\/v2\/types\/page"}],"author":[{"embeddable":true,"href":"https:\/\/amsh.dk\/index.php?rest_route=\/wp\/v2\/users\/1"}],"replies":[{"embeddable":true,"href":"https:\/\/amsh.dk\/index.php?rest_route=%2Fwp%2Fv2%2Fcomments&post=85"}],"version-history":[{"count":31,"href":"https:\/\/amsh.dk\/index.php?rest_route=\/wp\/v2\/pages\/85\/revisions"}],"predecessor-version":[{"id":1934,"href":"https:\/\/amsh.dk\/index.php?rest_route=\/wp\/v2\/pages\/85\/revisions\/1934"}],"up":[{"embeddable":true,"href":"https:\/\/amsh.dk\/index.php?rest_route=\/wp\/v2\/pages\/58"}],"wp:featuredmedia":[{"embeddable":true,"href":"https:\/\/amsh.dk\/index.php?rest_route=\/wp\/v2\/media\/854"}],"wp:attachment":[{"href":"https:\/\/amsh.dk\/index.php?rest_route=%2Fwp%2Fv2%2Fmedia&parent=85"}],"curies":[{"name":"wp","href":"https:\/\/api.w.org\/{rel}","templated":true}]}}