{"id":79,"date":"2019-12-08T15:09:56","date_gmt":"2019-12-08T14:09:56","guid":{"rendered":"http:\/\/amsh.dk\/?page_id=79"},"modified":"2026-03-23T11:39:51","modified_gmt":"2026-03-23T10:39:51","slug":"adl","status":"publish","type":"page","link":"https:\/\/amsh.dk\/?page_id=79","title":{"rendered":"ADL"},"content":{"rendered":"\t\t<div data-elementor-type=\"wp-page\" data-elementor-id=\"79\" class=\"elementor elementor-79\" data-elementor-post-type=\"page\">\n\t\t\t\t<div class=\"elementor-element elementor-element-d8d36f3 e-flex e-con-boxed e-con e-parent\" data-id=\"d8d36f3\" data-element_type=\"container\">\n\t\t\t\t\t<div class=\"e-con-inner\">\n\t\t\t\t<div class=\"elementor-element elementor-element-374bb98 elementor-invisible elementor-widget elementor-widget-heading\" data-id=\"374bb98\" data-element_type=\"widget\" data-settings=\"{&quot;_animation&quot;:&quot;fadeInLeft&quot;}\" data-widget_type=\"heading.default\">\n\t\t\t\t\t<h2 class=\"elementor-heading-title elementor-size-default\">ADL<\/h2>\t\t\t\t<\/div>\n\t\t\t\t\t<\/div>\n\t\t\t\t<\/div>\n\t\t<div class=\"elementor-element elementor-element-b24f908 e-flex e-con-boxed e-con e-parent\" data-id=\"b24f908\" data-element_type=\"container\">\n\t\t\t\t\t<div class=\"e-con-inner\">\n\t\t\t\t<div class=\"elementor-element elementor-element-6c523fb elementor-widget elementor-widget-text-editor\" data-id=\"6c523fb\" data-element_type=\"widget\" data-widget_type=\"text-editor.default\">\n\t\t\t\t\t\t\t\t\t<p data-start=\"140\" data-end=\"486\">Vores elever er p\u00e5 vej ind i voksenlivet. Nogle er allerede flyttet hjemmefra, mens andre endnu ikke ved, hvilken boligform der passer bedst til dem. Nogle kommer til at bo i egen lejlighed, andre p\u00e5 bosteder eller i bof\u00e6llesskaber.<br data-start=\"372\" data-end=\"375\" \/>F\u00e6lles for dem alle er, at de skal l\u00e6re de f\u00e6rdigheder, der h\u00f8rer til den <strong data-start=\"449\" data-end=\"485\">basale daglige livsf\u00f8relse (ADL)<\/strong>.<\/p><p data-start=\"488\" data-end=\"699\">Hos os tr\u00e6ner eleverne ADL, n\u00e5r de er p\u00e5 centret. Centret er skovhj\u00e6lpernes faste base \u2013 vores hus. Her st\u00e5r eleverne for at vedligeholde omr\u00e5det p\u00e5 naturcentret og s\u00f8rger for, at de daglige opgaver bliver l\u00f8st.<\/p><p data-start=\"701\" data-end=\"885\">Der skal blandt andet g\u00f8res rent i Skovhj\u00e6lpernes hus og i butikken, som Amager Skovhj\u00e6lpere bestyrer. Gulve skal vaskes, toiletter reng\u00f8res, vinduer pudses, og blomster skal vandes.<\/p><p data-start=\"887\" data-end=\"1078\">Skovhj\u00e6lperne vasker ogs\u00e5 t\u00f8j for de forskellige institutioner og skoler p\u00e5 naturcentret. N\u00e5r t\u00f8jet er vasket, skal det l\u00e6gges p\u00e6nt sammen, og der skal t\u00f8rres st\u00f8v af, k\u00f8bes ind og laves mad.<\/p><p data-start=\"1080\" data-end=\"1432\">Nogle elever har brug for at l\u00e6re at benytte offentlige transportmidler. De tr\u00e6ner dagligt sammen med en instrukt\u00f8r.<br data-start=\"1196\" data-end=\"1199\" \/>Et eksempel er Janus, en 17-\u00e5rig elev, der i starten blev fulgt til arbejde af en instrukt\u00f8r hver dag. Efterh\u00e5nden som hans tryghed voksede, begyndte han at tage metroen selv \u2013 f\u00f8rst \u00e9t stop alene, senere to, og til sidst hele turen.<\/p><p data-start=\"1434\" data-end=\"1579\">Andre elever har brug for at l\u00e6re at cykle. Vi hj\u00e6lper ogs\u00e5 eleverne med at huske at bestille tid hos tandl\u00e6ge, l\u00e6ge og andre n\u00f8dvendige aftaler.<\/p><p data-start=\"1581\" data-end=\"1807\">En vigtig del af ADL-undervisningen handler ogs\u00e5 om <strong data-start=\"1633\" data-end=\"1656\">\u00f8konomi og struktur<\/strong>. Eleverne f\u00e5r hj\u00e6lp til at forst\u00e5 penge, budgetter, NemID, e-Boks og e-mail. Undervisningen tilpasses altid efter elevens fysiske og kognitive niveau.<\/p><p data-start=\"1809\" data-end=\"2042\">Vi arbejder ofte med konkrete eksempler.<br data-start=\"1849\" data-end=\"1852\" \/>En elev troede f.eks. at hun kunne klare sig for 200 kr. om m\u00e5neden til mad, n\u00e5r hun flyttede hjemmefra \u2013 derfor gik vi i Brugsen for at unders\u00f8ge, hvad man faktisk kan k\u00f8be for det bel\u00f8b.<\/p><p data-start=\"2044\" data-end=\"2220\">En anden elev havde sv\u00e6rt ved at holde styr p\u00e5 sine aftaler. Han kunne ikke skrive, men l\u00e6rte at bruge mikrofonfunktionen p\u00e5 sin telefon, hvilket gav ham helt nye muligheder.<\/p><p data-start=\"2222\" data-end=\"2295\">En tredje elev havde brug for at l\u00e6re forskellen p\u00e5 m\u00f8nter og byttepenge.<\/p>\t\t\t\t\t\t\t\t<\/div>\n\t\t\t\t\t<\/div>\n\t\t\t\t<\/div>\n\t\t<div class=\"elementor-element elementor-element-941334e e-flex e-con-boxed e-con e-parent\" data-id=\"941334e\" data-element_type=\"container\">\n\t\t\t\t\t<div class=\"e-con-inner\">\n\t\t\t\t<div class=\"elementor-element elementor-element-6ea1bf6 elementor-skin-carousel elementor-arrows-yes elementor-pagination-type-bullets elementor-pagination-position-outside elementor-widget elementor-widget-media-carousel\" data-id=\"6ea1bf6\" data-element_type=\"widget\" data-settings=\"{&quot;autoplay_speed&quot;:3000,&quot;skin&quot;:&quot;carousel&quot;,&quot;effect&quot;:&quot;slide&quot;,&quot;show_arrows&quot;:&quot;yes&quot;,&quot;pagination&quot;:&quot;bullets&quot;,&quot;speed&quot;:500,&quot;autoplay&quot;:&quot;yes&quot;,&quot;loop&quot;:&quot;yes&quot;,&quot;pause_on_hover&quot;:&quot;yes&quot;,&quot;pause_on_interaction&quot;:&quot;yes&quot;,&quot;space_between&quot;:{&quot;unit&quot;:&quot;px&quot;,&quot;size&quot;:10,&quot;sizes&quot;:[]},&quot;space_between_tablet&quot;:{&quot;unit&quot;:&quot;px&quot;,&quot;size&quot;:10,&quot;sizes&quot;:[]},&quot;space_between_mobile&quot;:{&quot;unit&quot;:&quot;px&quot;,&quot;size&quot;:10,&quot;sizes&quot;:[]}}\" data-widget_type=\"media-carousel.default\">\n\t\t\t\t\t\t\t\t\t\t<div class=\"elementor-main-swiper swiper\" role=\"region\" aria-roledescription=\"carousel\" aria-label=\"Dias (slides)\">\n\t\t\t\t<div class=\"swiper-wrapper\">\n\t\t\t\t\t\t\t\t\t\t\t<div class=\"swiper-slide\" role=\"group\" aria-roledescription=\"slide\">\n\t\t\t\t\t\t\t\t\t<div class=\"elementor-carousel-image\" role=\"img\" aria-label=\"492745320_10094465323910943_4153888466737951192_n\" style=\"background-image: url(&#039;https:\/\/amsh.dk\/wp-content\/uploads\/2025\/12\/492745320_10094465323910943_4153888466737951192_n.jpg&#039;)\">\n\n\t\t\t\n\t\t\t\t\t<\/div>\n\t\t\t\t\t\t\t\t<\/div>\n\t\t\t\t\t\t\t\t\t\t\t<div class=\"swiper-slide\" role=\"group\" aria-roledescription=\"slide\">\n\t\t\t\t\t\t\t\t\t<div class=\"elementor-carousel-image\" role=\"img\" aria-label=\"491921852_10043282639029212_1291838642311478230_n\" style=\"background-image: url(&#039;https:\/\/amsh.dk\/wp-content\/uploads\/2025\/12\/491921852_10043282639029212_1291838642311478230_n.jpg&#039;)\">\n\n\t\t\t\n\t\t\t\t\t<\/div>\n\t\t\t\t\t\t\t\t<\/div>\n\t\t\t\t\t\t\t\t\t\t\t<div class=\"swiper-slide\" role=\"group\" aria-roledescription=\"slide\">\n\t\t\t\t\t\t\t\t\t<div class=\"elementor-carousel-image\" role=\"img\" aria-label=\"201201181_4422562147767984_5561178771702770520_n\" style=\"background-image: url(&#039;https:\/\/amsh.dk\/wp-content\/uploads\/2025\/12\/201201181_4422562147767984_5561178771702770520_n.jpg&#039;)\">\n\n\t\t\t\n\t\t\t\t\t<\/div>\n\t\t\t\t\t\t\t\t<\/div>\n\t\t\t\t\t\t\t\t\t\t\t<div class=\"swiper-slide\" role=\"group\" aria-roledescription=\"slide\">\n\t\t\t\t\t\t\t\t\t<div class=\"elementor-carousel-image\" role=\"img\" aria-label=\"485784708_1050635147089116_4997162784632258687_n\" style=\"background-image: url(&#039;https:\/\/amsh.dk\/wp-content\/uploads\/2025\/12\/485784708_1050635147089116_4997162784632258687_n.jpg&#039;)\">\n\n\t\t\t\n\t\t\t\t\t<\/div>\n\t\t\t\t\t\t\t\t<\/div>\n\t\t\t\t\t\t\t\t\t\t\t<div class=\"swiper-slide\" role=\"group\" aria-roledescription=\"slide\">\n\t\t\t\t\t\t\t\t\t<div class=\"elementor-carousel-image\" role=\"img\" aria-label=\"489409141_10001871023170374_6024068360102244034_n\" style=\"background-image: url(&#039;https:\/\/amsh.dk\/wp-content\/uploads\/2025\/12\/489409141_10001871023170374_6024068360102244034_n.jpg&#039;)\">\n\n\t\t\t\n\t\t\t\t\t<\/div>\n\t\t\t\t\t\t\t\t<\/div>\n\t\t\t\t\t\t\t\t\t\t\t<div class=\"swiper-slide\" role=\"group\" aria-roledescription=\"slide\">\n\t\t\t\t\t\t\t\t\t<div class=\"elementor-carousel-image\" role=\"img\" aria-label=\"62336879_2553241731374264_1237344635907473408_n_tom\" style=\"background-image: url(&#039;https:\/\/amsh.dk\/wp-content\/uploads\/2025\/12\/62336879_2553241731374264_1237344635907473408_n_tom.jpg&#039;)\">\n\n\t\t\t\n\t\t\t\t\t<\/div>\n\t\t\t\t\t\t\t\t<\/div>\n\t\t\t\t\t\t\t\t\t\t\t<div class=\"swiper-slide\" role=\"group\" aria-roledescription=\"slide\">\n\t\t\t\t\t\t\t\t\t<div class=\"elementor-carousel-image\" role=\"img\" aria-label=\"12095222_1041401162558336_7851205355041584357_o_tom\" style=\"background-image: url(&#039;https:\/\/amsh.dk\/wp-content\/uploads\/2025\/12\/12095222_1041401162558336_7851205355041584357_o_tom.jpg&#039;)\">\n\n\t\t\t\n\t\t\t\t\t<\/div>\n\t\t\t\t\t\t\t\t<\/div>\n\t\t\t\t\t\t\t\t\t\t\t<div class=\"swiper-slide\" role=\"group\" aria-roledescription=\"slide\">\n\t\t\t\t\t\t\t\t\t<div class=\"elementor-carousel-image\" role=\"img\" aria-label=\"1656116_775303899160512_5433904089537343013_n_tom\" style=\"background-image: url(&#039;https:\/\/amsh.dk\/wp-content\/uploads\/2025\/12\/1656116_775303899160512_5433904089537343013_n_tom.jpg&#039;)\">\n\n\t\t\t\n\t\t\t\t\t<\/div>\n\t\t\t\t\t\t\t\t<\/div>\n\t\t\t\t\t\t\t\t\t\t\t<div class=\"swiper-slide\" role=\"group\" aria-roledescription=\"slide\">\n\t\t\t\t\t\t\t\t\t<div class=\"elementor-carousel-image\" role=\"img\" aria-label=\"121095794_3700117696679103_7792827667486022168_n\" style=\"background-image: url(&#039;https:\/\/amsh.dk\/wp-content\/uploads\/2025\/12\/121095794_3700117696679103_7792827667486022168_n.jpg&#039;)\">\n\n\t\t\t\n\t\t\t\t\t<\/div>\n\t\t\t\t\t\t\t\t<\/div>\n\t\t\t\t\t\t\t\t\t\t\t<div class=\"swiper-slide\" role=\"group\" aria-roledescription=\"slide\">\n\t\t\t\t\t\t\t\t\t<div class=\"elementor-carousel-image\" role=\"img\" aria-label=\"487311406_1057759743043323_7718671892159303747_n\" style=\"background-image: url(&#039;https:\/\/amsh.dk\/wp-content\/uploads\/2025\/12\/487311406_1057759743043323_7718671892159303747_n.jpg&#039;)\">\n\n\t\t\t\n\t\t\t\t\t<\/div>\n\t\t\t\t\t\t\t\t<\/div>\n\t\t\t\t\t\t\t\t\t<\/div>\n\t\t\t\t\t\t\t\t\t\t\t\t\t\t\t<div class=\"elementor-swiper-button elementor-swiper-button-prev\" role=\"button\" tabindex=\"0\" aria-label=\"Tidligere\">\n\t\t\t\t\t\t\t<svg aria-hidden=\"true\" class=\"e-font-icon-svg e-eicon-chevron-left\" viewBox=\"0 0 1000 1000\" xmlns=\"http:\/\/www.w3.org\/2000\/svg\"><path d=\"M646 125C629 125 613 133 604 142L308 442C296 454 292 471 292 487 292 504 296 521 308 533L604 854C617 867 629 875 646 875 663 875 679 871 692 858 704 846 713 829 713 812 713 796 708 779 692 767L438 487 692 225C700 217 708 204 708 187 708 171 704 154 692 142 675 129 663 125 646 125Z\"><\/path><\/svg>\t\t\t\t\t\t<\/div>\n\t\t\t\t\t\t<div class=\"elementor-swiper-button elementor-swiper-button-next\" role=\"button\" tabindex=\"0\" aria-label=\"N\u00e6ste\">\n\t\t\t\t\t\t\t<svg aria-hidden=\"true\" class=\"e-font-icon-svg e-eicon-chevron-right\" viewBox=\"0 0 1000 1000\" xmlns=\"http:\/\/www.w3.org\/2000\/svg\"><path d=\"M696 533C708 521 713 504 713 487 713 471 708 454 696 446L400 146C388 133 375 125 354 125 338 125 325 129 313 142 300 154 292 171 292 187 292 204 296 221 308 233L563 492 304 771C292 783 288 800 288 817 288 833 296 850 308 863 321 871 338 875 354 875 371 875 388 867 400 854L696 533Z\"><\/path><\/svg>\t\t\t\t\t\t<\/div>\n\t\t\t\t\t\t\t\t\t\t\t\t\t\t\t\t<div class=\"swiper-pagination\"><\/div>\n\t\t\t\t\t\t\t\t\t\t\t\t<\/div>\n\t\t\t\t\t\t\t\t<\/div>\n\t\t\t\t\t<\/div>\n\t\t\t\t<\/div>\n\t\t<div class=\"elementor-element elementor-element-f19a666 e-con-full e-flex e-con e-parent\" data-id=\"f19a666\" data-element_type=\"container\" data-settings=\"{&quot;background_background&quot;:&quot;classic&quot;}\">\n\t\t\t\t<\/div>\n\t\t\t\t<\/div>\n\t\t","protected":false},"excerpt":{"rendered":"<p>ADL Vores elever er p\u00e5 vej ind i voksenlivet. Nogle er allerede flyttet hjemmefra, mens andre endnu ikke ved, hvilken boligform der passer bedst til dem. Nogle kommer til at bo i egen lejlighed, andre p\u00e5 bosteder eller i bof\u00e6llesskaber.F\u00e6lles for dem alle er, at de skal l\u00e6re de f\u00e6rdigheder, der h\u00f8rer til den basale [&hellip;]<\/p>\n","protected":false},"author":1,"featured_media":767,"parent":58,"menu_order":6,"comment_status":"closed","ping_status":"closed","template":"","meta":{"ngg_post_thumbnail":0,"footnotes":""},"class_list":["post-79","page","type-page","status-publish","has-post-thumbnail","hentry"],"_links":{"self":[{"href":"https:\/\/amsh.dk\/index.php?rest_route=\/wp\/v2\/pages\/79","targetHints":{"allow":["GET"]}}],"collection":[{"href":"https:\/\/amsh.dk\/index.php?rest_route=\/wp\/v2\/pages"}],"about":[{"href":"https:\/\/amsh.dk\/index.php?rest_route=\/wp\/v2\/types\/page"}],"author":[{"embeddable":true,"href":"https:\/\/amsh.dk\/index.php?rest_route=\/wp\/v2\/users\/1"}],"replies":[{"embeddable":true,"href":"https:\/\/amsh.dk\/index.php?rest_route=%2Fwp%2Fv2%2Fcomments&post=79"}],"version-history":[{"count":22,"href":"https:\/\/amsh.dk\/index.php?rest_route=\/wp\/v2\/pages\/79\/revisions"}],"predecessor-version":[{"id":1965,"href":"https:\/\/amsh.dk\/index.php?rest_route=\/wp\/v2\/pages\/79\/revisions\/1965"}],"up":[{"embeddable":true,"href":"https:\/\/amsh.dk\/index.php?rest_route=\/wp\/v2\/pages\/58"}],"wp:featuredmedia":[{"embeddable":true,"href":"https:\/\/amsh.dk\/index.php?rest_route=\/wp\/v2\/media\/767"}],"wp:attachment":[{"href":"https:\/\/amsh.dk\/index.php?rest_route=%2Fwp%2Fv2%2Fmedia&parent=79"}],"curies":[{"name":"wp","href":"https:\/\/api.w.org\/{rel}","templated":true}]}}