{"id":76,"date":"2019-12-08T15:06:57","date_gmt":"2019-12-08T14:06:57","guid":{"rendered":"http:\/\/amsh.dk\/?page_id=76"},"modified":"2026-03-23T11:37:16","modified_gmt":"2026-03-23T10:37:16","slug":"maalgruppe","status":"publish","type":"page","link":"https:\/\/amsh.dk\/?page_id=76","title":{"rendered":"M\u00e5lgruppe"},"content":{"rendered":"\t\t<div data-elementor-type=\"wp-page\" data-elementor-id=\"76\" class=\"elementor elementor-76\" data-elementor-post-type=\"page\">\n\t\t\t\t<div class=\"elementor-element elementor-element-75551e4 e-flex e-con-boxed e-con e-parent\" data-id=\"75551e4\" data-element_type=\"container\">\n\t\t\t\t\t<div class=\"e-con-inner\">\n\t\t\t\t<div class=\"elementor-element elementor-element-2c7dc0b elementor-invisible elementor-widget elementor-widget-heading\" data-id=\"2c7dc0b\" data-element_type=\"widget\" data-settings=\"{&quot;_animation&quot;:&quot;fadeInLeft&quot;}\" data-widget_type=\"heading.default\">\n\t\t\t\t\t<h2 class=\"elementor-heading-title elementor-size-default\">M\u00c5LGRUPPE<\/h2>\t\t\t\t<\/div>\n\t\t\t\t\t<\/div>\n\t\t\t\t<\/div>\n\t\t<div class=\"elementor-element elementor-element-775d22e e-flex e-con-boxed e-con e-parent\" data-id=\"775d22e\" data-element_type=\"container\">\n\t\t\t\t\t<div class=\"e-con-inner\">\n\t\t\t\t<div class=\"elementor-element elementor-element-9878616 elementor-widget__width-initial elementor-invisible elementor-widget elementor-widget-image\" data-id=\"9878616\" data-element_type=\"widget\" data-settings=\"{&quot;_animation&quot;:&quot;fadeInDown&quot;}\" data-widget_type=\"image.default\">\n\t\t\t\t\t\t\t\t\t\t\t\t\t\t\t<img loading=\"lazy\" decoding=\"async\" width=\"800\" height=\"600\" src=\"https:\/\/amsh.dk\/wp-content\/uploads\/2025\/12\/98342300_3287176991306511_530192559977267200_n.jpg\" class=\"attachment-large size-large wp-image-630\" alt=\"\" srcset=\"https:\/\/amsh.dk\/wp-content\/uploads\/2025\/12\/98342300_3287176991306511_530192559977267200_n.jpg 960w, https:\/\/amsh.dk\/wp-content\/uploads\/2025\/12\/98342300_3287176991306511_530192559977267200_n-300x225.jpg 300w, https:\/\/amsh.dk\/wp-content\/uploads\/2025\/12\/98342300_3287176991306511_530192559977267200_n-768x576.jpg 768w\" sizes=\"auto, (max-width: 800px) 100vw, 800px\" \/>\t\t\t\t\t\t\t\t\t\t\t\t\t\t\t<\/div>\n\t\t\t\t\t<\/div>\n\t\t\t\t<\/div>\n\t\t<div class=\"elementor-element elementor-element-44d7c03 e-flex e-con-boxed e-con e-parent\" data-id=\"44d7c03\" data-element_type=\"container\">\n\t\t\t\t\t<div class=\"e-con-inner\">\n\t\t\t\t<div class=\"elementor-element elementor-element-18a3dc3 elementor-widget elementor-widget-text-editor\" data-id=\"18a3dc3\" data-element_type=\"widget\" data-widget_type=\"text-editor.default\">\n\t\t\t\t\t\t\t\t\t<p><span style=\"font-size: 18px;\"><strong>M\u00e5lgruppe A<\/strong><\/span><br \/>Tidligere specialskoleelever Best\u00e5r af unge med ingen eller mindre fysiske funktionsneds\u00e6ttelser. De vil typisk have generelle indl\u00e6ringsvanskeligheder og komorbiditet (autisme, ADHD, syndromer, angst o. lign). De unge i denne m\u00e5lgruppe har selvhjulpenhed ift. nogle ADL-funktioner, kan g\u00e5 p\u00e5 toilettet, i bad mm med guidning. De kan bev\u00e6ge sig selvst\u00e6ndigt i n\u00e6rmilj\u00f8et og de har et funktionsniveau, som g\u00f8r dem i stand til at blive selvhjulpne p\u00e5 afgr\u00e6nsede omr\u00e5der. F.eks. vil de kunne l\u00e6re at f\u00e6rdes med offentlig transport. De unge i denne m\u00e5lgruppe vil typisk v\u00e6re i beskyttet besk\u00e6ftigelse eller komme det efter endt STU.<\/p><p><strong><span style=\"font-size: 18px;\">M\u00e5lgruppe B<\/span><\/strong><br \/>Tidligere specialskoleelever og\/eller specialklasseelever Best\u00e5r af unge med ingen eller mindre fysiske funktionsneds\u00e6ttelser. De vil typisk have generelle indl\u00e6ringsvanskeligheder og komorbiditet (autisme, ADHD, syndromer, angst o. lign). De unge i denne m\u00e5lgruppe adskiller sig fra m\u00e5lgruppe 1, ved at have et h\u00f8jere funktionsniveau og de vil kunne komme i praktik og blive afpr\u00f8vet ift. flexjob.<\/p><p><strong><span style=\"font-size: 18px;\">M\u00e5lgruppe C<\/span><\/strong><br \/>Tidligere specialklasseelever og\/eller enkeltintegrerede elever i folkeskolen Best\u00e5r af unge med normale motoriske funktioner. Begavelsesniveauet kan sp\u00e6nde fra normal begavelse til h\u00f8j begavelse. De unge kan have s\u00e6rinteresser. De unge vil typisk have komorbiditet (autisme, ADHD, syndromer, angst m.m.). De unge kan orientere sig udover n\u00e6rmilj\u00f8et. De kan tage tog og bus.<\/p>\t\t\t\t\t\t\t\t<\/div>\n\t\t\t\t\t<\/div>\n\t\t\t\t<\/div>\n\t\t<div class=\"elementor-element elementor-element-4dc3506c e-con-full e-flex e-con e-parent\" data-id=\"4dc3506c\" data-element_type=\"container\" data-settings=\"{&quot;background_background&quot;:&quot;classic&quot;}\">\n\t\t\t\t<\/div>\n\t\t\t\t<\/div>\n\t\t","protected":false},"excerpt":{"rendered":"<p>M\u00c5LGRUPPE M\u00e5lgruppe ATidligere specialskoleelever Best\u00e5r af unge med ingen eller mindre fysiske funktionsneds\u00e6ttelser. De vil typisk have generelle indl\u00e6ringsvanskeligheder og komorbiditet (autisme, ADHD, syndromer, angst o. lign). De unge i denne m\u00e5lgruppe har selvhjulpenhed ift. nogle ADL-funktioner, kan g\u00e5 p\u00e5 toilettet, i bad mm med guidning. De kan bev\u00e6ge sig selvst\u00e6ndigt i n\u00e6rmilj\u00f8et og de [&hellip;]<\/p>\n","protected":false},"author":1,"featured_media":762,"parent":58,"menu_order":5,"comment_status":"closed","ping_status":"closed","template":"","meta":{"ngg_post_thumbnail":0,"footnotes":""},"class_list":["post-76","page","type-page","status-publish","has-post-thumbnail","hentry"],"_links":{"self":[{"href":"https:\/\/amsh.dk\/index.php?rest_route=\/wp\/v2\/pages\/76","targetHints":{"allow":["GET"]}}],"collection":[{"href":"https:\/\/amsh.dk\/index.php?rest_route=\/wp\/v2\/pages"}],"about":[{"href":"https:\/\/amsh.dk\/index.php?rest_route=\/wp\/v2\/types\/page"}],"author":[{"embeddable":true,"href":"https:\/\/amsh.dk\/index.php?rest_route=\/wp\/v2\/users\/1"}],"replies":[{"embeddable":true,"href":"https:\/\/amsh.dk\/index.php?rest_route=%2Fwp%2Fv2%2Fcomments&post=76"}],"version-history":[{"count":26,"href":"https:\/\/amsh.dk\/index.php?rest_route=\/wp\/v2\/pages\/76\/revisions"}],"predecessor-version":[{"id":1961,"href":"https:\/\/amsh.dk\/index.php?rest_route=\/wp\/v2\/pages\/76\/revisions\/1961"}],"up":[{"embeddable":true,"href":"https:\/\/amsh.dk\/index.php?rest_route=\/wp\/v2\/pages\/58"}],"wp:featuredmedia":[{"embeddable":true,"href":"https:\/\/amsh.dk\/index.php?rest_route=\/wp\/v2\/media\/762"}],"wp:attachment":[{"href":"https:\/\/amsh.dk\/index.php?rest_route=%2Fwp%2Fv2%2Fmedia&parent=76"}],"curies":[{"name":"wp","href":"https:\/\/api.w.org\/{rel}","templated":true}]}}