{"id":65,"date":"2019-12-08T14:51:17","date_gmt":"2019-12-08T13:51:17","guid":{"rendered":"http:\/\/amsh.dk\/?page_id=65"},"modified":"2026-03-23T11:16:58","modified_gmt":"2026-03-23T10:16:58","slug":"vi-mener","status":"publish","type":"page","link":"https:\/\/amsh.dk\/?page_id=65","title":{"rendered":"Vi mener"},"content":{"rendered":"\t\t<div data-elementor-type=\"wp-page\" data-elementor-id=\"65\" class=\"elementor elementor-65\" data-elementor-post-type=\"page\">\n\t\t\t\t<div class=\"elementor-element elementor-element-35b7111 e-flex e-con-boxed e-con e-parent\" data-id=\"35b7111\" data-element_type=\"container\">\n\t\t\t\t\t<div class=\"e-con-inner\">\n\t\t\t\t<div class=\"elementor-element elementor-element-a26c83f elementor-invisible elementor-widget elementor-widget-heading\" data-id=\"a26c83f\" data-element_type=\"widget\" data-settings=\"{&quot;_animation&quot;:&quot;fadeInLeft&quot;}\" data-widget_type=\"heading.default\">\n\t\t\t\t\t<h2 class=\"elementor-heading-title elementor-size-default\">VI TROR P\u00c5, AT\u2026<\/h2>\t\t\t\t<\/div>\n\t\t\t\t\t<\/div>\n\t\t\t\t<\/div>\n\t\t<div class=\"elementor-element elementor-element-65ca8dc e-flex e-con-boxed e-con e-parent\" data-id=\"65ca8dc\" data-element_type=\"container\">\n\t\t\t\t\t<div class=\"e-con-inner\">\n\t\t\t\t<div class=\"elementor-element elementor-element-d7164a5 elementor-widget-tablet__width-initial elementor-widget elementor-widget-text-editor\" data-id=\"d7164a5\" data-element_type=\"widget\" data-widget_type=\"text-editor.default\">\n\t\t\t\t\t\t\t\t\t<p>Hos Amager Skovhj\u00e6lpere tror vi p\u00e5, at mennesker udvikler sig bedst i et trygt arbejdsf\u00e6llesskab, hvor man kan m\u00e6rke sin egen v\u00e6rdi. N\u00e5r vi l\u00f8ser praktiske opgaver sammen, skaber vi ikke kun resultater i naturen \u2013 vi skaber ogs\u00e5 struktur, mening og en f\u00f8lelse af, at ens indsats g\u00f8r en reel forskel. Her er der plads til at l\u00e6re nyt, vokse med ansvar og blive en del af et f\u00e6llesskab, hvor man bliver m\u00f8dt med ordentlighed, tydelighed og omsorg.<\/p><p><br data-start=\"696\" data-end=\"699\" \/>Vores arbejde er forankret i en r\u00e6kke v\u00e6rdier, som guider os i alt, hvad vi g\u00f8r \u2013 og som sikrer, at alle kan trives og bidrage p\u00e5 deres egne pr\u00e6misser.<\/p>\t\t\t\t\t\t\t\t<\/div>\n\t\t\t\t\t<\/div>\n\t\t\t\t<\/div>\n\t\t<div class=\"elementor-element elementor-element-d173d43 e-flex e-con-boxed e-con e-parent\" data-id=\"d173d43\" data-element_type=\"container\">\n\t\t\t\t\t<div class=\"e-con-inner\">\n\t\t<div class=\"elementor-element elementor-element-60bcd50 e-con-full e-flex e-con e-child\" data-id=\"60bcd50\" data-element_type=\"container\">\n\t\t\t\t<div class=\"elementor-element elementor-element-187fe54 elementor-hidden-mobile elementor-invisible elementor-widget elementor-widget-image\" data-id=\"187fe54\" data-element_type=\"widget\" data-settings=\"{&quot;_animation&quot;:&quot;fadeIn&quot;}\" data-widget_type=\"image.default\">\n\t\t\t\t\t\t\t\t\t\t\t\t\t\t\t<img loading=\"lazy\" decoding=\"async\" width=\"768\" height=\"1024\" src=\"https:\/\/amsh.dk\/wp-content\/uploads\/2025\/11\/476634208_1037659418395850_7402576998526079409_n-768x1024.jpg\" class=\"attachment-large size-large wp-image-555\" alt=\"\" srcset=\"https:\/\/amsh.dk\/wp-content\/uploads\/2025\/11\/476634208_1037659418395850_7402576998526079409_n-768x1024.jpg 768w, https:\/\/amsh.dk\/wp-content\/uploads\/2025\/11\/476634208_1037659418395850_7402576998526079409_n-225x300.jpg 225w, https:\/\/amsh.dk\/wp-content\/uploads\/2025\/11\/476634208_1037659418395850_7402576998526079409_n-1152x1536.jpg 1152w, https:\/\/amsh.dk\/wp-content\/uploads\/2025\/11\/476634208_1037659418395850_7402576998526079409_n.jpg 1536w\" sizes=\"auto, (max-width: 768px) 100vw, 768px\" \/>\t\t\t\t\t\t\t\t\t\t\t\t\t\t\t<\/div>\n\t\t\t\t<\/div>\n\t\t<div class=\"elementor-element elementor-element-6cec3db e-con-full e-flex e-con e-child\" data-id=\"6cec3db\" data-element_type=\"container\">\n\t\t\t\t<div class=\"elementor-element elementor-element-36d5908 elementor-widget elementor-widget-icon-box\" data-id=\"36d5908\" data-element_type=\"widget\" data-widget_type=\"icon-box.default\">\n\t\t\t\t\t\t\t<div class=\"elementor-icon-box-wrapper\">\n\n\t\t\t\n\t\t\t\t\t\t<div class=\"elementor-icon-box-content\">\n\n\t\t\t\t\t\t\t\t\t<h3 class=\"elementor-icon-box-title\">\n\t\t\t\t\t\t<span  >\n\t\t\t\t\t\t\tRespekt\t\t\t\t\t\t<\/span>\n\t\t\t\t\t<\/h3>\n\t\t\t\t\n\t\t\t\t\t\t\t\t\t<p class=\"elementor-icon-box-description\">\n\t\t\t\t\t\tVi m\u00f8der hinanden med anerkendelse, nysgerrighed og plads til forskellighed. Alle fortjener at blive set som hele mennesker.\t\t\t\t\t<\/p>\n\t\t\t\t\n\t\t\t<\/div>\n\t\t\t\n\t\t<\/div>\n\t\t\t\t\t\t<\/div>\n\t\t\t\t<\/div>\n\t\t\t\t\t<\/div>\n\t\t\t\t<\/div>\n\t\t<div class=\"elementor-element elementor-element-2b3466a e-flex e-con-boxed e-con e-parent\" data-id=\"2b3466a\" data-element_type=\"container\">\n\t\t\t\t\t<div class=\"e-con-inner\">\n\t\t<div class=\"elementor-element elementor-element-5879347 e-con-full e-flex e-con e-child\" data-id=\"5879347\" data-element_type=\"container\">\n\t\t\t\t<div class=\"elementor-element elementor-element-9e0ab6f elementor-widget elementor-widget-icon-box\" data-id=\"9e0ab6f\" data-element_type=\"widget\" data-widget_type=\"icon-box.default\">\n\t\t\t\t\t\t\t<div class=\"elementor-icon-box-wrapper\">\n\n\t\t\t\n\t\t\t\t\t\t<div class=\"elementor-icon-box-content\">\n\n\t\t\t\t\t\t\t\t\t<h3 class=\"elementor-icon-box-title\">\n\t\t\t\t\t\t<span  >\n\t\t\t\t\t\t\tLigev\u00e6rd\t\t\t\t\t\t<\/span>\n\t\t\t\t\t<\/h3>\n\t\t\t\t\n\t\t\t\t\t\t\t\t\t<p class=\"elementor-icon-box-description\">\n\t\t\t\t\t\tAlle bidrag har v\u00e6rdi, og ingen st\u00e5r udenfor. Vi skaber et f\u00e6llesskab, hvor alle kan v\u00e6re med \u2013 uanset udgangspunkt.\t\t\t\t\t<\/p>\n\t\t\t\t\n\t\t\t<\/div>\n\t\t\t\n\t\t<\/div>\n\t\t\t\t\t\t<\/div>\n\t\t\t\t<\/div>\n\t\t<div class=\"elementor-element elementor-element-d57623d e-con-full e-flex e-con e-child\" data-id=\"d57623d\" data-element_type=\"container\">\n\t\t\t\t<div class=\"elementor-element elementor-element-726f05c elementor-invisible elementor-widget elementor-widget-image\" data-id=\"726f05c\" data-element_type=\"widget\" data-settings=\"{&quot;_animation&quot;:&quot;fadeIn&quot;}\" data-widget_type=\"image.default\">\n\t\t\t\t\t\t\t\t\t\t\t\t\t\t\t<img loading=\"lazy\" decoding=\"async\" width=\"768\" height=\"1024\" src=\"https:\/\/amsh.dk\/wp-content\/uploads\/2025\/11\/493818269_1097347852427006_7931850670770485546_n-768x1024.jpg\" class=\"attachment-large size-large wp-image-556\" alt=\"\" srcset=\"https:\/\/amsh.dk\/wp-content\/uploads\/2025\/11\/493818269_1097347852427006_7931850670770485546_n-768x1024.jpg 768w, https:\/\/amsh.dk\/wp-content\/uploads\/2025\/11\/493818269_1097347852427006_7931850670770485546_n-225x300.jpg 225w, https:\/\/amsh.dk\/wp-content\/uploads\/2025\/11\/493818269_1097347852427006_7931850670770485546_n-1152x1536.jpg 1152w, https:\/\/amsh.dk\/wp-content\/uploads\/2025\/11\/493818269_1097347852427006_7931850670770485546_n.jpg 1536w\" sizes=\"auto, (max-width: 768px) 100vw, 768px\" \/>\t\t\t\t\t\t\t\t\t\t\t\t\t\t\t<\/div>\n\t\t\t\t<\/div>\n\t\t\t\t\t<\/div>\n\t\t\t\t<\/div>\n\t\t<div class=\"elementor-element elementor-element-4255fdf e-flex e-con-boxed e-con e-parent\" data-id=\"4255fdf\" data-element_type=\"container\">\n\t\t\t\t\t<div class=\"e-con-inner\">\n\t\t<div class=\"elementor-element elementor-element-0fad4af e-con-full e-flex e-con e-child\" data-id=\"0fad4af\" data-element_type=\"container\">\n\t\t\t\t<div class=\"elementor-element elementor-element-6ff7e9f elementor-hidden-mobile elementor-invisible elementor-widget elementor-widget-image\" data-id=\"6ff7e9f\" data-element_type=\"widget\" data-settings=\"{&quot;_animation&quot;:&quot;fadeIn&quot;}\" data-widget_type=\"image.default\">\n\t\t\t\t\t\t\t\t\t\t\t\t\t\t\t<img loading=\"lazy\" decoding=\"async\" width=\"800\" height=\"600\" src=\"https:\/\/amsh.dk\/wp-content\/uploads\/2025\/11\/487300589_9608536185862158_2580156234986225917_n-1024x768.jpg\" class=\"attachment-large size-large wp-image-557\" alt=\"\" srcset=\"https:\/\/amsh.dk\/wp-content\/uploads\/2025\/11\/487300589_9608536185862158_2580156234986225917_n-1024x768.jpg 1024w, https:\/\/amsh.dk\/wp-content\/uploads\/2025\/11\/487300589_9608536185862158_2580156234986225917_n-300x225.jpg 300w, https:\/\/amsh.dk\/wp-content\/uploads\/2025\/11\/487300589_9608536185862158_2580156234986225917_n-768x576.jpg 768w, https:\/\/amsh.dk\/wp-content\/uploads\/2025\/11\/487300589_9608536185862158_2580156234986225917_n-1536x1152.jpg 1536w, https:\/\/amsh.dk\/wp-content\/uploads\/2025\/11\/487300589_9608536185862158_2580156234986225917_n.jpg 2048w\" sizes=\"auto, (max-width: 800px) 100vw, 800px\" \/>\t\t\t\t\t\t\t\t\t\t\t\t\t\t\t<\/div>\n\t\t\t\t<\/div>\n\t\t<div class=\"elementor-element elementor-element-d010adf e-con-full e-flex e-con e-child\" data-id=\"d010adf\" data-element_type=\"container\">\n\t\t\t\t<div class=\"elementor-element elementor-element-70a18ea elementor-widget elementor-widget-icon-box\" data-id=\"70a18ea\" data-element_type=\"widget\" data-widget_type=\"icon-box.default\">\n\t\t\t\t\t\t\t<div class=\"elementor-icon-box-wrapper\">\n\n\t\t\t\n\t\t\t\t\t\t<div class=\"elementor-icon-box-content\">\n\n\t\t\t\t\t\t\t\t\t<h3 class=\"elementor-icon-box-title\">\n\t\t\t\t\t\t<span  >\n\t\t\t\t\t\t\tRummelighed\t\t\t\t\t\t<\/span>\n\t\t\t\t\t<\/h3>\n\t\t\t\t\n\t\t\t\t\t\t\t\t\t<p class=\"elementor-icon-box-description\">\n\t\t\t\t\t\tHer er der plads til b\u00e5de styrker, udfordringer, fejl og udvikling i eget tempo. Vi st\u00f8tter hinanden i at vokse.\t\t\t\t\t<\/p>\n\t\t\t\t\n\t\t\t<\/div>\n\t\t\t\n\t\t<\/div>\n\t\t\t\t\t\t<\/div>\n\t\t\t\t<\/div>\n\t\t\t\t\t<\/div>\n\t\t\t\t<\/div>\n\t\t<div class=\"elementor-element elementor-element-c70760a e-flex e-con-boxed e-con e-parent\" data-id=\"c70760a\" data-element_type=\"container\">\n\t\t\t\t\t<div class=\"e-con-inner\">\n\t\t<div class=\"elementor-element elementor-element-58fd309 e-con-full e-flex e-con e-child\" data-id=\"58fd309\" data-element_type=\"container\">\n\t\t\t\t<div class=\"elementor-element elementor-element-57d3f14 elementor-widget elementor-widget-icon-box\" data-id=\"57d3f14\" data-element_type=\"widget\" data-widget_type=\"icon-box.default\">\n\t\t\t\t\t\t\t<div class=\"elementor-icon-box-wrapper\">\n\n\t\t\t\n\t\t\t\t\t\t<div class=\"elementor-icon-box-content\">\n\n\t\t\t\t\t\t\t\t\t<h3 class=\"elementor-icon-box-title\">\n\t\t\t\t\t\t<span  >\n\t\t\t\t\t\t\tTydelighed\t\t\t\t\t\t<\/span>\n\t\t\t\t\t<\/h3>\n\t\t\t\t\n\t\t\t\t\t\t\t\t\t<p class=\"elementor-icon-box-description\">\n\t\t\t\t\t\tTryghed skabes gennem klare rammer, klare ord og klare forventninger. Vi siger tingene, som de er.\t\t\t\t\t<\/p>\n\t\t\t\t\n\t\t\t<\/div>\n\t\t\t\n\t\t<\/div>\n\t\t\t\t\t\t<\/div>\n\t\t\t\t<\/div>\n\t\t<div class=\"elementor-element elementor-element-eba39fe e-con-full e-flex e-con e-child\" data-id=\"eba39fe\" data-element_type=\"container\">\n\t\t\t\t<div class=\"elementor-element elementor-element-c2d043e elementor-hidden-mobile elementor-invisible elementor-widget elementor-widget-image\" data-id=\"c2d043e\" data-element_type=\"widget\" data-settings=\"{&quot;_animation&quot;:&quot;fadeIn&quot;}\" data-widget_type=\"image.default\">\n\t\t\t\t\t\t\t\t\t\t\t\t\t\t\t<img loading=\"lazy\" decoding=\"async\" width=\"800\" height=\"600\" src=\"https:\/\/amsh.dk\/wp-content\/uploads\/2025\/11\/484127694_1063214332507025_6630409148584335496_n-1024x768.jpg\" class=\"attachment-large size-large wp-image-558\" alt=\"\" srcset=\"https:\/\/amsh.dk\/wp-content\/uploads\/2025\/11\/484127694_1063214332507025_6630409148584335496_n-1024x768.jpg 1024w, https:\/\/amsh.dk\/wp-content\/uploads\/2025\/11\/484127694_1063214332507025_6630409148584335496_n-300x225.jpg 300w, https:\/\/amsh.dk\/wp-content\/uploads\/2025\/11\/484127694_1063214332507025_6630409148584335496_n-768x576.jpg 768w, https:\/\/amsh.dk\/wp-content\/uploads\/2025\/11\/484127694_1063214332507025_6630409148584335496_n-1536x1152.jpg 1536w, https:\/\/amsh.dk\/wp-content\/uploads\/2025\/11\/484127694_1063214332507025_6630409148584335496_n.jpg 2048w\" sizes=\"auto, (max-width: 800px) 100vw, 800px\" \/>\t\t\t\t\t\t\t\t\t\t\t\t\t\t\t<\/div>\n\t\t\t\t<\/div>\n\t\t\t\t\t<\/div>\n\t\t\t\t<\/div>\n\t\t<div class=\"elementor-element elementor-element-e78175a e-flex e-con-boxed e-con e-parent\" data-id=\"e78175a\" data-element_type=\"container\">\n\t\t\t\t\t<div class=\"e-con-inner\">\n\t\t<div class=\"elementor-element elementor-element-45a0d2f e-con-full e-flex e-con e-child\" data-id=\"45a0d2f\" data-element_type=\"container\">\n\t\t\t\t<div class=\"elementor-element elementor-element-ea92f97 elementor-invisible elementor-widget elementor-widget-image\" data-id=\"ea92f97\" data-element_type=\"widget\" data-settings=\"{&quot;_animation&quot;:&quot;fadeIn&quot;}\" data-widget_type=\"image.default\">\n\t\t\t\t\t\t\t\t\t\t\t\t\t\t\t<img loading=\"lazy\" decoding=\"async\" width=\"768\" height=\"1024\" src=\"https:\/\/amsh.dk\/wp-content\/uploads\/2025\/11\/500700145_1106303921522238_3953655126645188621_n-768x1024.jpg\" class=\"attachment-large size-large wp-image-559\" alt=\"\" srcset=\"https:\/\/amsh.dk\/wp-content\/uploads\/2025\/11\/500700145_1106303921522238_3953655126645188621_n-768x1024.jpg 768w, https:\/\/amsh.dk\/wp-content\/uploads\/2025\/11\/500700145_1106303921522238_3953655126645188621_n-225x300.jpg 225w, https:\/\/amsh.dk\/wp-content\/uploads\/2025\/11\/500700145_1106303921522238_3953655126645188621_n-1152x1536.jpg 1152w, https:\/\/amsh.dk\/wp-content\/uploads\/2025\/11\/500700145_1106303921522238_3953655126645188621_n.jpg 1536w\" sizes=\"auto, (max-width: 768px) 100vw, 768px\" \/>\t\t\t\t\t\t\t\t\t\t\t\t\t\t\t<\/div>\n\t\t\t\t<\/div>\n\t\t<div class=\"elementor-element elementor-element-bc9b745 e-con-full e-flex e-con e-child\" data-id=\"bc9b745\" data-element_type=\"container\">\n\t\t\t\t<div class=\"elementor-element elementor-element-8d57273 elementor-widget elementor-widget-icon-box\" data-id=\"8d57273\" data-element_type=\"widget\" data-widget_type=\"icon-box.default\">\n\t\t\t\t\t\t\t<div class=\"elementor-icon-box-wrapper\">\n\n\t\t\t\n\t\t\t\t\t\t<div class=\"elementor-icon-box-content\">\n\n\t\t\t\t\t\t\t\t\t<h3 class=\"elementor-icon-box-title\">\n\t\t\t\t\t\t<span  >\n\t\t\t\t\t\t\t\u00c6rlighed\t\t\t\t\t\t<\/span>\n\t\t\t\t\t<\/h3>\n\t\t\t\t\n\t\t\t\t\t\t\t\t\t<p class=\"elementor-icon-box-description\">\n\t\t\t\t\t\tVi tror p\u00e5 \u00e5benhed, gennemsigtighed og oprigtighed. Tillid er fundamentet for vores hverdag.\t\t\t\t\t<\/p>\n\t\t\t\t\n\t\t\t<\/div>\n\t\t\t\n\t\t<\/div>\n\t\t\t\t\t\t<\/div>\n\t\t\t\t<\/div>\n\t\t\t\t\t<\/div>\n\t\t\t\t<\/div>\n\t\t<div class=\"elementor-element elementor-element-a0562d2 e-flex e-con-boxed e-con e-parent\" data-id=\"a0562d2\" data-element_type=\"container\">\n\t\t\t\t\t<div class=\"e-con-inner\">\n\t\t<div class=\"elementor-element elementor-element-05d818c e-con-full e-flex e-con e-child\" data-id=\"05d818c\" data-element_type=\"container\">\n\t\t\t\t<div class=\"elementor-element elementor-element-1a82bad elementor-widget elementor-widget-icon-box\" data-id=\"1a82bad\" data-element_type=\"widget\" data-widget_type=\"icon-box.default\">\n\t\t\t\t\t\t\t<div class=\"elementor-icon-box-wrapper\">\n\n\t\t\t\n\t\t\t\t\t\t<div class=\"elementor-icon-box-content\">\n\n\t\t\t\t\t\t\t\t\t<h3 class=\"elementor-icon-box-title\">\n\t\t\t\t\t\t<span  >\n\t\t\t\t\t\t\tAnsvarlighed\t\t\t\t\t\t<\/span>\n\t\t\t\t\t<\/h3>\n\t\t\t\t\n\t\t\t\t\t\t\t\t\t<p class=\"elementor-icon-box-description\">\n\t\t\t\t\t\tVi tager ansvar for opgaverne, for f\u00e6llesskabet og for hinanden \u2013 og vi hj\u00e6lper hinanden i m\u00e5l.\t\t\t\t\t<\/p>\n\t\t\t\t\n\t\t\t<\/div>\n\t\t\t\n\t\t<\/div>\n\t\t\t\t\t\t<\/div>\n\t\t\t\t<\/div>\n\t\t<div class=\"elementor-element elementor-element-cab0e94 e-con-full e-flex e-con e-child\" data-id=\"cab0e94\" data-element_type=\"container\">\n\t\t\t\t<div class=\"elementor-element elementor-element-21af147 elementor-hidden-mobile elementor-invisible elementor-widget elementor-widget-image\" data-id=\"21af147\" data-element_type=\"widget\" data-settings=\"{&quot;_animation&quot;:&quot;fadeIn&quot;}\" data-widget_type=\"image.default\">\n\t\t\t\t\t\t\t\t\t\t\t\t\t\t\t<img loading=\"lazy\" decoding=\"async\" width=\"800\" height=\"534\" src=\"https:\/\/amsh.dk\/wp-content\/uploads\/2025\/11\/87469711_3075435855813960_764239312349822976_n-1024x683.jpg\" class=\"attachment-large size-large wp-image-560\" alt=\"\" srcset=\"https:\/\/amsh.dk\/wp-content\/uploads\/2025\/11\/87469711_3075435855813960_764239312349822976_n-1024x683.jpg 1024w, https:\/\/amsh.dk\/wp-content\/uploads\/2025\/11\/87469711_3075435855813960_764239312349822976_n-300x200.jpg 300w, https:\/\/amsh.dk\/wp-content\/uploads\/2025\/11\/87469711_3075435855813960_764239312349822976_n-768x512.jpg 768w, https:\/\/amsh.dk\/wp-content\/uploads\/2025\/11\/87469711_3075435855813960_764239312349822976_n-1536x1024.jpg 1536w, https:\/\/amsh.dk\/wp-content\/uploads\/2025\/11\/87469711_3075435855813960_764239312349822976_n.jpg 1944w\" sizes=\"auto, (max-width: 800px) 100vw, 800px\" \/>\t\t\t\t\t\t\t\t\t\t\t\t\t\t\t<\/div>\n\t\t\t\t<\/div>\n\t\t\t\t\t<\/div>\n\t\t\t\t<\/div>\n\t\t<div class=\"elementor-element elementor-element-3c395006 e-con-full e-flex e-con e-parent\" data-id=\"3c395006\" data-element_type=\"container\" data-settings=\"{&quot;background_background&quot;:&quot;classic&quot;}\">\n\t\t\t\t<\/div>\n\t\t\t\t<\/div>\n\t\t","protected":false},"excerpt":{"rendered":"<p>VI TROR P\u00c5, AT\u2026 Hos Amager Skovhj\u00e6lpere tror vi p\u00e5, at mennesker udvikler sig bedst i et trygt arbejdsf\u00e6llesskab, hvor man kan m\u00e6rke sin egen v\u00e6rdi. N\u00e5r vi l\u00f8ser praktiske opgaver sammen, skaber vi ikke kun resultater i naturen \u2013 vi skaber ogs\u00e5 struktur, mening og en f\u00f8lelse af, at ens indsats g\u00f8r en reel [&hellip;]<\/p>\n","protected":false},"author":1,"featured_media":827,"parent":58,"menu_order":3,"comment_status":"closed","ping_status":"closed","template":"","meta":{"ngg_post_thumbnail":0,"footnotes":""},"class_list":["post-65","page","type-page","status-publish","has-post-thumbnail","hentry"],"_links":{"self":[{"href":"https:\/\/amsh.dk\/index.php?rest_route=\/wp\/v2\/pages\/65","targetHints":{"allow":["GET"]}}],"collection":[{"href":"https:\/\/amsh.dk\/index.php?rest_route=\/wp\/v2\/pages"}],"about":[{"href":"https:\/\/amsh.dk\/index.php?rest_route=\/wp\/v2\/types\/page"}],"author":[{"embeddable":true,"href":"https:\/\/amsh.dk\/index.php?rest_route=\/wp\/v2\/users\/1"}],"replies":[{"embeddable":true,"href":"https:\/\/amsh.dk\/index.php?rest_route=%2Fwp%2Fv2%2Fcomments&post=65"}],"version-history":[{"count":37,"href":"https:\/\/amsh.dk\/index.php?rest_route=\/wp\/v2\/pages\/65\/revisions"}],"predecessor-version":[{"id":1926,"href":"https:\/\/amsh.dk\/index.php?rest_route=\/wp\/v2\/pages\/65\/revisions\/1926"}],"up":[{"embeddable":true,"href":"https:\/\/amsh.dk\/index.php?rest_route=\/wp\/v2\/pages\/58"}],"wp:featuredmedia":[{"embeddable":true,"href":"https:\/\/amsh.dk\/index.php?rest_route=\/wp\/v2\/media\/827"}],"wp:attachment":[{"href":"https:\/\/amsh.dk\/index.php?rest_route=%2Fwp%2Fv2%2Fmedia&parent=65"}],"curies":[{"name":"wp","href":"https:\/\/api.w.org\/{rel}","templated":true}]}}