{"id":58,"date":"2019-12-08T14:41:58","date_gmt":"2019-12-08T13:41:58","guid":{"rendered":"http:\/\/amsh.dk\/?page_id=58"},"modified":"2026-03-23T11:11:57","modified_gmt":"2026-03-23T10:11:57","slug":"om-amsh","status":"publish","type":"page","link":"https:\/\/amsh.dk\/?page_id=58","title":{"rendered":"Om AMSH"},"content":{"rendered":"\t\t<div data-elementor-type=\"wp-page\" data-elementor-id=\"58\" class=\"elementor elementor-58\" data-elementor-post-type=\"page\">\n\t\t\t\t<div class=\"elementor-element elementor-element-87e588e e-flex e-con-boxed e-con e-parent\" data-id=\"87e588e\" data-element_type=\"container\">\n\t\t\t\t\t<div class=\"e-con-inner\">\n\t\t\t\t<div class=\"elementor-element elementor-element-f0c1821 elementor-invisible elementor-widget elementor-widget-heading\" data-id=\"f0c1821\" data-element_type=\"widget\" data-settings=\"{&quot;_animation&quot;:&quot;fadeInLeft&quot;}\" data-widget_type=\"heading.default\">\n\t\t\t\t\t<h2 class=\"elementor-heading-title elementor-size-default\">Om AMSH<\/h2>\t\t\t\t<\/div>\n\t\t\t\t\t<\/div>\n\t\t\t\t<\/div>\n\t\t<div class=\"elementor-element elementor-element-ddfd68b e-flex e-con-boxed e-con e-parent\" data-id=\"ddfd68b\" data-element_type=\"container\">\n\t\t\t\t\t<div class=\"e-con-inner\">\n\t\t<div class=\"elementor-element elementor-element-96f56a3 e-con-full e-flex e-con e-child\" data-id=\"96f56a3\" data-element_type=\"container\">\n\t\t\t\t<div class=\"elementor-element elementor-element-d644a7a elementor-widget elementor-widget-text-editor\" data-id=\"d644a7a\" data-element_type=\"widget\" data-widget_type=\"text-editor.default\">\n\t\t\t\t\t\t\t\t\t<p>Vi tror p\u00e5 at alle har brug for et arbejdsliv, et f\u00e6llesskab hvor man arbejder sammen om, at skabe og l\u00f8se opgaver. Amager Skovhj\u00e6lpere er f\u00f8rst og fremmest en rummelig arbejdsplads, hvor alle bidrager med de ressourcer de har til r\u00e5dighed. Arbejdsopgaverne tilrettel\u00e6gges individuelt, men det der er i fokus i hverdagen, er skovhj\u00e6lpernes f\u00e6lles ansvar for, at virksomhedens opgaver bliver l\u00f8st. Skovhj\u00e6lpernes ressourcer er arbejdspladsens drivkraft, og alle opgaver er vigtige for virksomhedens daglige drift.<\/p><p>Vi har ti \u00e5rs erfaring med at invitere mennesker med forskellige sociale, fysiske og psykiske udfordringer ind i et rummeligt arbejdsf\u00e6llesskab, som styrker borgerens fremtidige tilknytning til arbejdsmarkedet.<\/p>\t\t\t\t\t\t\t\t<\/div>\n\t\t\t\t<\/div>\n\t\t<div class=\"elementor-element elementor-element-90627a3 e-con-full e-flex e-con e-child\" data-id=\"90627a3\" data-element_type=\"container\">\n\t\t\t\t<div class=\"elementor-element elementor-element-fc5b180 elementor-widget__width-inherit elementor-widget elementor-widget-html\" data-id=\"fc5b180\" data-element_type=\"widget\" data-widget_type=\"html.default\">\n\t\t\t\t\t<iframe loading=\"lazy\" src=\"https:\/\/www.facebook.com\/plugins\/video.php?height=314&href=https%3A%2F%2Fwww.facebook.com%2FAmagerSkovhjaelpere%2Fvideos%2F346377342823467%2F&show_text=false&width=560&t=0\" width=\"560\" height=\"314\" style=\"border:none;overflow:hidden\" scrolling=\"no\" frameborder=\"0\" allowfullscreen=\"true\" allow=\"autoplay; clipboard-write; encrypted-media; picture-in-picture; web-share\" allowFullScreen=\"true\"><\/iframe>\t\t\t\t<\/div>\n\t\t\t\t<\/div>\n\t\t\t\t\t<\/div>\n\t\t\t\t<\/div>\n\t\t<div class=\"elementor-element elementor-element-11f4fa4e e-con-full e-flex e-con e-parent\" data-id=\"11f4fa4e\" data-element_type=\"container\" data-settings=\"{&quot;background_background&quot;:&quot;classic&quot;}\">\n\t\t\t\t<\/div>\n\t\t\t\t<\/div>\n\t\t","protected":false},"excerpt":{"rendered":"<p>Om AMSH Vi tror p\u00e5 at alle har brug for et arbejdsliv, et f\u00e6llesskab hvor man arbejder sammen om, at skabe og l\u00f8se opgaver. Amager Skovhj\u00e6lpere er f\u00f8rst og fremmest en rummelig arbejdsplads, hvor alle bidrager med de ressourcer de har til r\u00e5dighed. Arbejdsopgaverne tilrettel\u00e6gges individuelt, men det der er i fokus i hverdagen, er [&hellip;]<\/p>\n","protected":false},"author":1,"featured_media":301,"parent":0,"menu_order":0,"comment_status":"closed","ping_status":"closed","template":"","meta":{"ngg_post_thumbnail":0,"footnotes":""},"class_list":["post-58","page","type-page","status-publish","has-post-thumbnail","hentry"],"_links":{"self":[{"href":"https:\/\/amsh.dk\/index.php?rest_route=\/wp\/v2\/pages\/58","targetHints":{"allow":["GET"]}}],"collection":[{"href":"https:\/\/amsh.dk\/index.php?rest_route=\/wp\/v2\/pages"}],"about":[{"href":"https:\/\/amsh.dk\/index.php?rest_route=\/wp\/v2\/types\/page"}],"author":[{"embeddable":true,"href":"https:\/\/amsh.dk\/index.php?rest_route=\/wp\/v2\/users\/1"}],"replies":[{"embeddable":true,"href":"https:\/\/amsh.dk\/index.php?rest_route=%2Fwp%2Fv2%2Fcomments&post=58"}],"version-history":[{"count":32,"href":"https:\/\/amsh.dk\/index.php?rest_route=\/wp\/v2\/pages\/58\/revisions"}],"predecessor-version":[{"id":1914,"href":"https:\/\/amsh.dk\/index.php?rest_route=\/wp\/v2\/pages\/58\/revisions\/1914"}],"wp:featuredmedia":[{"embeddable":true,"href":"https:\/\/amsh.dk\/index.php?rest_route=\/wp\/v2\/media\/301"}],"wp:attachment":[{"href":"https:\/\/amsh.dk\/index.php?rest_route=%2Fwp%2Fv2%2Fmedia&parent=58"}],"curies":[{"name":"wp","href":"https:\/\/api.w.org\/{rel}","templated":true}]}}