{"id":402,"date":"2025-11-21T13:49:58","date_gmt":"2025-11-21T12:49:58","guid":{"rendered":"https:\/\/amsh.dk\/?page_id=402"},"modified":"2026-03-23T11:14:48","modified_gmt":"2026-03-23T10:14:48","slug":"about-us","status":"publish","type":"page","link":"https:\/\/amsh.dk\/?page_id=402","title":{"rendered":"Hvem Er Vi"},"content":{"rendered":"\t\t<div data-elementor-type=\"wp-page\" data-elementor-id=\"402\" class=\"elementor elementor-402\" data-elementor-post-type=\"page\">\n\t\t\t\t<div class=\"elementor-element elementor-element-d9b4619 e-flex e-con-boxed e-con e-parent\" data-id=\"d9b4619\" data-element_type=\"container\">\n\t\t\t\t\t<div class=\"e-con-inner\">\n\t\t\t\t<div class=\"elementor-element elementor-element-f4f391f elementor-invisible elementor-widget elementor-widget-heading\" data-id=\"f4f391f\" data-element_type=\"widget\" data-settings=\"{&quot;_animation&quot;:&quot;fadeInLeft&quot;}\" data-widget_type=\"heading.default\">\n\t\t\t\t\t<h2 class=\"elementor-heading-title elementor-size-default\">hvem er vi<\/h2>\t\t\t\t<\/div>\n\t\t\t\t\t<\/div>\n\t\t\t\t<\/div>\n\t\t<div class=\"elementor-element elementor-element-19ef1803 e-flex e-con-boxed e-con e-parent\" data-id=\"19ef1803\" data-element_type=\"container\">\n\t\t\t\t\t<div class=\"e-con-inner\">\n\t\t<div class=\"elementor-element elementor-element-1324e3b6 e-con-full e-flex e-con e-child\" data-id=\"1324e3b6\" data-element_type=\"container\">\n\t\t<div class=\"elementor-element elementor-element-1cadb05f e-flex e-con-boxed e-con e-child\" data-id=\"1cadb05f\" data-element_type=\"container\">\n\t\t\t\t\t<div class=\"e-con-inner\">\n\t\t\t\t<div class=\"elementor-element elementor-element-1a58cb49 elementor-widget__width-initial elementor-widget elementor-widget-text-editor\" data-id=\"1a58cb49\" data-element_type=\"widget\" data-settings=\"{&quot;_animation&quot;:&quot;none&quot;}\" data-widget_type=\"text-editor.default\">\n\t\t\t\t\t\t\t\t\t<p style=\"font-weight: 400;\">Amager Skovhj\u00e6lpere er en social\u00f8konomisk virksomhed hvis form\u00e5l er at styrke udsatte borgeres tilknytning til arbejdsmarkedet.<\/p>\t\t\t\t\t\t\t\t<\/div>\n\t\t\t\t\t<\/div>\n\t\t\t\t<\/div>\n\t\t\t\t<\/div>\n\t\t<div class=\"elementor-element elementor-element-3d423c1b e-con-full animated-slow e-transform e-flex elementor-invisible e-con e-child\" data-id=\"3d423c1b\" data-element_type=\"container\" data-settings=\"{&quot;background_background&quot;:&quot;classic&quot;,&quot;animation&quot;:&quot;fadeInDown&quot;,&quot;_transform_scale_effect&quot;:{&quot;unit&quot;:&quot;px&quot;,&quot;size&quot;:0.9,&quot;sizes&quot;:[]},&quot;animation_mobile&quot;:&quot;none&quot;,&quot;_transform_scale_effect_tablet&quot;:{&quot;unit&quot;:&quot;px&quot;,&quot;size&quot;:&quot;&quot;,&quot;sizes&quot;:[]},&quot;_transform_scale_effect_mobile&quot;:{&quot;unit&quot;:&quot;px&quot;,&quot;size&quot;:&quot;&quot;,&quot;sizes&quot;:[]}}\">\n\t\t\t\t<\/div>\n\t\t\t\t\t<\/div>\n\t\t\t\t<\/div>\n\t\t<div class=\"elementor-element elementor-element-6d796fa4 e-flex e-con-boxed e-con e-parent\" data-id=\"6d796fa4\" data-element_type=\"container\">\n\t\t\t\t\t<div class=\"e-con-inner\">\n\t\t<div class=\"elementor-element elementor-element-120bfebc e-con-full animated-slow elementor-hidden-mobile e-flex e-con e-child\" data-id=\"120bfebc\" data-element_type=\"container\" data-settings=\"{&quot;background_background&quot;:&quot;classic&quot;,&quot;animation&quot;:&quot;none&quot;}\">\n\t\t\t\t<\/div>\n\t\t<div class=\"elementor-element elementor-element-358ca1a6 e-flex e-con-boxed e-con e-child\" data-id=\"358ca1a6\" data-element_type=\"container\">\n\t\t\t\t\t<div class=\"e-con-inner\">\n\t\t\t\t<div class=\"elementor-element elementor-element-65dd65ce elementor-widget-tablet__width-initial elementor-widget elementor-widget-text-editor\" data-id=\"65dd65ce\" data-element_type=\"widget\" data-widget_type=\"text-editor.default\">\n\t\t\t\t\t\t\t\t\t<p style=\"font-weight: 400;\">Vi er placeret midt i Naturpark Amager, hvor vi samarbejder med Naturstyrelsen og andre akt\u00f8rer om at l\u00f8se forskellige opgaver. Arbejdsopgaverne sp\u00e6nder bredt lige fra naturpleje, dyrehold, byggetekniske opgaver\u00a0 til kultur- og k\u00f8kkenarbejde.<\/p>\t\t\t\t\t\t\t\t<\/div>\n\t\t\t\t\t<\/div>\n\t\t\t\t<\/div>\n\t\t\t\t\t<\/div>\n\t\t\t\t<\/div>\n\t\t<div class=\"elementor-element elementor-element-2fea5af4 e-con-full e-flex e-con e-parent\" data-id=\"2fea5af4\" data-element_type=\"container\" data-settings=\"{&quot;background_background&quot;:&quot;classic&quot;}\">\n\t\t\t\t<\/div>\n\t\t\t\t<\/div>\n\t\t","protected":false},"excerpt":{"rendered":"<p>hvem er vi Amager Skovhj\u00e6lpere er en social\u00f8konomisk virksomhed hvis form\u00e5l er at styrke udsatte borgeres tilknytning til arbejdsmarkedet. Vi er placeret midt i Naturpark Amager, hvor vi samarbejder med Naturstyrelsen og andre akt\u00f8rer om at l\u00f8se forskellige opgaver. Arbejdsopgaverne sp\u00e6nder bredt lige fra naturpleje, dyrehold, byggetekniske opgaver\u00a0 til kultur- og k\u00f8kkenarbejde.<\/p>\n","protected":false},"author":1,"featured_media":490,"parent":0,"menu_order":0,"comment_status":"closed","ping_status":"closed","template":"","meta":{"ngg_post_thumbnail":0,"footnotes":""},"class_list":["post-402","page","type-page","status-publish","has-post-thumbnail","hentry"],"_links":{"self":[{"href":"https:\/\/amsh.dk\/index.php?rest_route=\/wp\/v2\/pages\/402","targetHints":{"allow":["GET"]}}],"collection":[{"href":"https:\/\/amsh.dk\/index.php?rest_route=\/wp\/v2\/pages"}],"about":[{"href":"https:\/\/amsh.dk\/index.php?rest_route=\/wp\/v2\/types\/page"}],"author":[{"embeddable":true,"href":"https:\/\/amsh.dk\/index.php?rest_route=\/wp\/v2\/users\/1"}],"replies":[{"embeddable":true,"href":"https:\/\/amsh.dk\/index.php?rest_route=%2Fwp%2Fv2%2Fcomments&post=402"}],"version-history":[{"count":67,"href":"https:\/\/amsh.dk\/index.php?rest_route=\/wp\/v2\/pages\/402\/revisions"}],"predecessor-version":[{"id":1918,"href":"https:\/\/amsh.dk\/index.php?rest_route=\/wp\/v2\/pages\/402\/revisions\/1918"}],"wp:featuredmedia":[{"embeddable":true,"href":"https:\/\/amsh.dk\/index.php?rest_route=\/wp\/v2\/media\/490"}],"wp:attachment":[{"href":"https:\/\/amsh.dk\/index.php?rest_route=%2Fwp%2Fv2%2Fmedia&parent=402"}],"curies":[{"name":"wp","href":"https:\/\/api.w.org\/{rel}","templated":true}]}}