{"id":378,"date":"2025-11-21T13:49:53","date_gmt":"2025-11-21T12:49:53","guid":{"rendered":"https:\/\/amsh.dk\/?page_id=378"},"modified":"2026-03-23T11:15:42","modified_gmt":"2026-03-23T10:15:42","slug":"contact-us","status":"publish","type":"page","link":"https:\/\/amsh.dk\/?page_id=378","title":{"rendered":"Kontakt"},"content":{"rendered":"\t\t<div data-elementor-type=\"wp-page\" data-elementor-id=\"378\" class=\"elementor elementor-378\" data-elementor-post-type=\"page\">\n\t\t\t\t<div class=\"elementor-element elementor-element-84d2b55 e-flex e-con-boxed elementor-invisible e-con e-parent\" data-id=\"84d2b55\" data-element_type=\"container\" data-settings=\"{&quot;animation&quot;:&quot;fadeInLeft&quot;}\">\n\t\t\t\t\t<div class=\"e-con-inner\">\n\t\t\t\t<div class=\"elementor-element elementor-element-f362551 elementor-widget elementor-widget-heading\" data-id=\"f362551\" data-element_type=\"widget\" data-widget_type=\"heading.default\">\n\t\t\t\t\t<h2 class=\"elementor-heading-title elementor-size-default\">Kontakt<\/h2>\t\t\t\t<\/div>\n\t\t\t\t\t<\/div>\n\t\t\t\t<\/div>\n\t\t<div class=\"elementor-element elementor-element-44214c2 e-flex e-con-boxed e-con e-parent\" data-id=\"44214c2\" data-element_type=\"container\">\n\t\t\t\t\t<div class=\"e-con-inner\">\n\t\t\t\t<div class=\"elementor-element elementor-element-4aaf23c elementor-widget__width-initial animated-slow elementor-invisible elementor-widget elementor-widget-image\" data-id=\"4aaf23c\" data-element_type=\"widget\" data-settings=\"{&quot;_animation&quot;:&quot;fadeInDown&quot;}\" data-widget_type=\"image.default\">\n\t\t\t\t\t\t\t\t\t\t\t\t\t\t\t<img loading=\"lazy\" decoding=\"async\" width=\"800\" height=\"361\" src=\"https:\/\/amsh.dk\/wp-content\/uploads\/2021\/12\/slet-1024x462.jpeg\" class=\"attachment-large size-large wp-image-299\" alt=\"\" srcset=\"https:\/\/amsh.dk\/wp-content\/uploads\/2021\/12\/slet-1024x462.jpeg 1024w, https:\/\/amsh.dk\/wp-content\/uploads\/2021\/12\/slet-300x135.jpeg 300w, https:\/\/amsh.dk\/wp-content\/uploads\/2021\/12\/slet-768x346.jpeg 768w, https:\/\/amsh.dk\/wp-content\/uploads\/2021\/12\/slet-1200x541.jpeg 1200w, https:\/\/amsh.dk\/wp-content\/uploads\/2021\/12\/slet.jpeg 1420w\" sizes=\"auto, (max-width: 800px) 100vw, 800px\" \/>\t\t\t\t\t\t\t\t\t\t\t\t\t\t\t<\/div>\n\t\t\t\t\t<\/div>\n\t\t\t\t<\/div>\n\t\t<div class=\"elementor-element elementor-element-9076567 e-flex e-con-boxed e-con e-parent\" data-id=\"9076567\" data-element_type=\"container\">\n\t\t\t\t\t<div class=\"e-con-inner\">\n\t\t\t\t<div class=\"elementor-element elementor-element-21b6b8a elementor-widget elementor-widget-heading\" data-id=\"21b6b8a\" data-element_type=\"widget\" data-widget_type=\"heading.default\">\n\t\t\t\t\t<h2 class=\"elementor-heading-title elementor-size-default\">Kontakt os<\/h2>\t\t\t\t<\/div>\n\t\t\t\t\t<\/div>\n\t\t\t\t<\/div>\n\t\t<div class=\"elementor-element elementor-element-ea4154a e-flex e-con-boxed e-con e-parent\" data-id=\"ea4154a\" data-element_type=\"container\">\n\t\t\t\t\t<div class=\"e-con-inner\">\n\t\t\t\t<div class=\"elementor-element elementor-element-16b23a7 elementor-widget elementor-widget-text-editor\" data-id=\"16b23a7\" data-element_type=\"widget\" data-widget_type=\"text-editor.default\">\n\t\t\t\t\t\t\t\t\t<p>Amager Skovhj\u00e6lpere er altid klar til at svare p\u00e5 sp\u00f8rgsm\u00e5l om vores daglige arbejde, aktiviteter og samarbejdsmuligheder.<br data-start=\"342\" data-end=\"345\" \/>Du er velkommen til at kontakte os, hvis du \u00f8nsker en rundvisning, har brug for mere information om STU-forl\u00f8b eller beskyttet besk\u00e6ftigelse, eller blot vil h\u00f8re mere om vores f\u00e6llesskab.<br data-start=\"532\" data-end=\"535\" \/>Vi l\u00e6gger v\u00e6gt p\u00e5 n\u00e6rv\u00e6r, tydelig kommunikation og et trygt m\u00f8de med b\u00e5de borgere, p\u00e5r\u00f8rende og samarbejdspartnere.<br data-start=\"650\" data-end=\"653\" \/>Vores medarbejdere bestr\u00e6ber sig p\u00e5 at vende tilbage p\u00e5 henvendelser hurtigst muligt i \u00e5bningstiden.<br data-start=\"844\" data-end=\"847\" \/>Vi gl\u00e6der os til at h\u00f8re fra dig og til at byde dig velkommen hos Amager Skovhj\u00e6lpere.<\/p>\t\t\t\t\t\t\t\t<\/div>\n\t\t\t\t\t<\/div>\n\t\t\t\t<\/div>\n\t\t<div class=\"elementor-element elementor-element-9875908 e-flex e-con-boxed e-con e-parent\" data-id=\"9875908\" data-element_type=\"container\">\n\t\t\t\t\t<div class=\"e-con-inner\">\n\t\t<div class=\"elementor-element elementor-element-2a96d966 e-con-full e-flex e-con e-child\" data-id=\"2a96d966\" data-element_type=\"container\">\n\t\t<div class=\"elementor-element elementor-element-4027aabc e-con-full e-flex e-con e-child\" data-id=\"4027aabc\" data-element_type=\"container\">\n\t\t\t\t<div class=\"elementor-element elementor-element-59d55b44 elementor-widget__width-initial elementor-widget-mobile__width-inherit elementor-widget elementor-widget-icon-box\" data-id=\"59d55b44\" data-element_type=\"widget\" data-widget_type=\"icon-box.default\">\n\t\t\t\t\t\t\t<div class=\"elementor-icon-box-wrapper\">\n\n\t\t\t\n\t\t\t\t\t\t<div class=\"elementor-icon-box-content\">\n\n\t\t\t\t\t\t\t\t\t<h3 class=\"elementor-icon-box-title\">\n\t\t\t\t\t\t<span  >\n\t\t\t\t\t\t\tAdresse\t\t\t\t\t\t<\/span>\n\t\t\t\t\t<\/h3>\n\t\t\t\t\n\t\t\t\t\t\t\t\t\t<p class=\"elementor-icon-box-description\">\n\t\t\t\t\t\tAmager Skovhj\u00e6lpere<br>\nGranatvej 7<br>\n2770 Kastrup<br>\n<br>\nCVR nr. 31116546\n\n\n\n\t\t\t\t\t<\/p>\n\t\t\t\t\n\t\t\t<\/div>\n\t\t\t\n\t\t<\/div>\n\t\t\t\t\t\t<\/div>\n\t\t\t\t<div class=\"elementor-element elementor-element-6493cc46 elementor-widget__width-initial elementor-widget-mobile__width-inherit elementor-widget elementor-widget-icon-box\" data-id=\"6493cc46\" data-element_type=\"widget\" data-widget_type=\"icon-box.default\">\n\t\t\t\t\t\t\t<div class=\"elementor-icon-box-wrapper\">\n\n\t\t\t\n\t\t\t\t\t\t<div class=\"elementor-icon-box-content\">\n\n\t\t\t\t\t\t\t\t\t<h3 class=\"elementor-icon-box-title\">\n\t\t\t\t\t\t<span  >\n\t\t\t\t\t\t\tKontakt Os\t\t\t\t\t\t<\/span>\n\t\t\t\t\t<\/h3>\n\t\t\t\t\n\t\t\t\t\t\t\t\t\t<p class=\"elementor-icon-box-description\">\n\t\t\t\t\t\t<font>Mads Madsen<\/font><br><font>\n+45 60 65 00 44<\/font><br><font>\nMads@amsh.dk<\/font><br>\n<br><font>\nNatascha Schlottmann<\/font><br><font>\nkontakt@amsh.dk\n<\/font><font><\/font>\t\t\t\t\t<\/p>\n\t\t\t\t\n\t\t\t<\/div>\n\t\t\t\n\t\t<\/div>\n\t\t\t\t\t\t<\/div>\n\t\t\t\t<div class=\"elementor-element elementor-element-350f4364 elementor-widget__width-initial elementor-widget-mobile__width-inherit elementor-widget elementor-widget-icon-box\" data-id=\"350f4364\" data-element_type=\"widget\" data-widget_type=\"icon-box.default\">\n\t\t\t\t\t\t\t<div class=\"elementor-icon-box-wrapper\">\n\n\t\t\t\n\t\t\t\t\t\t<div class=\"elementor-icon-box-content\">\n\n\t\t\t\t\t\t\t\t\t<h3 class=\"elementor-icon-box-title\">\n\t\t\t\t\t\t<span  >\n\t\t\t\t\t\t\t\u00c5bningstider\t\t\t\t\t\t<\/span>\n\t\t\t\t\t<\/h3>\n\t\t\t\t\n\t\t\t\t\t\t\t\t\t<p class=\"elementor-icon-box-description\">\n\t\t\t\t\t\tMandag til Fredag kl. 09.00 - 14.00\n<br>\n<br>\n\n\n\n\t\t\t\t\t<\/p>\n\t\t\t\t\n\t\t\t<\/div>\n\t\t\t\n\t\t<\/div>\n\t\t\t\t\t\t<\/div>\n\t\t\t\t<\/div>\n\t\t\t\t<\/div>\n\t\t\t\t\t<\/div>\n\t\t\t\t<\/div>\n\t\t<div class=\"elementor-element elementor-element-750b8791 e-con-full e-flex e-con e-parent\" data-id=\"750b8791\" data-element_type=\"container\" data-settings=\"{&quot;background_background&quot;:&quot;classic&quot;}\">\n\t\t\t\t<\/div>\n\t\t\t\t<\/div>\n\t\t","protected":false},"excerpt":{"rendered":"<p>Kontakt Kontakt os Amager Skovhj\u00e6lpere er altid klar til at svare p\u00e5 sp\u00f8rgsm\u00e5l om vores daglige arbejde, aktiviteter og samarbejdsmuligheder.Du er velkommen til at kontakte os, hvis du \u00f8nsker en rundvisning, har brug for mere information om STU-forl\u00f8b eller beskyttet besk\u00e6ftigelse, eller blot vil h\u00f8re mere om vores f\u00e6llesskab.Vi l\u00e6gger v\u00e6gt p\u00e5 n\u00e6rv\u00e6r, tydelig kommunikation [&hellip;]<\/p>\n","protected":false},"author":1,"featured_media":926,"parent":0,"menu_order":0,"comment_status":"closed","ping_status":"closed","template":"","meta":{"ngg_post_thumbnail":0,"footnotes":""},"class_list":["post-378","page","type-page","status-publish","has-post-thumbnail","hentry"],"_links":{"self":[{"href":"https:\/\/amsh.dk\/index.php?rest_route=\/wp\/v2\/pages\/378","targetHints":{"allow":["GET"]}}],"collection":[{"href":"https:\/\/amsh.dk\/index.php?rest_route=\/wp\/v2\/pages"}],"about":[{"href":"https:\/\/amsh.dk\/index.php?rest_route=\/wp\/v2\/types\/page"}],"author":[{"embeddable":true,"href":"https:\/\/amsh.dk\/index.php?rest_route=\/wp\/v2\/users\/1"}],"replies":[{"embeddable":true,"href":"https:\/\/amsh.dk\/index.php?rest_route=%2Fwp%2Fv2%2Fcomments&post=378"}],"version-history":[{"count":62,"href":"https:\/\/amsh.dk\/index.php?rest_route=\/wp\/v2\/pages\/378\/revisions"}],"predecessor-version":[{"id":1922,"href":"https:\/\/amsh.dk\/index.php?rest_route=\/wp\/v2\/pages\/378\/revisions\/1922"}],"wp:featuredmedia":[{"embeddable":true,"href":"https:\/\/amsh.dk\/index.php?rest_route=\/wp\/v2\/media\/926"}],"wp:attachment":[{"href":"https:\/\/amsh.dk\/index.php?rest_route=%2Fwp%2Fv2%2Fmedia&parent=378"}],"curies":[{"name":"wp","href":"https:\/\/api.w.org\/{rel}","templated":true}]}}