{"id":342,"date":"2025-11-12T12:53:30","date_gmt":"2025-11-12T11:53:30","guid":{"rendered":"http:\/\/amsh.dk\/?page_id=342"},"modified":"2026-03-23T11:21:34","modified_gmt":"2026-03-23T10:21:34","slug":"persondatapolitik","status":"publish","type":"page","link":"https:\/\/amsh.dk\/?page_id=342","title":{"rendered":"Persondatapolitik"},"content":{"rendered":"\t\t<div data-elementor-type=\"wp-page\" data-elementor-id=\"342\" class=\"elementor elementor-342\" data-elementor-post-type=\"page\">\n\t\t\t\t<div class=\"elementor-element elementor-element-5ba80d5 e-flex e-con-boxed e-con e-parent\" data-id=\"5ba80d5\" data-element_type=\"container\">\n\t\t\t\t\t<div class=\"e-con-inner\">\n\t\t\t\t<div class=\"elementor-element elementor-element-2ad2089 elementor-invisible elementor-widget elementor-widget-heading\" data-id=\"2ad2089\" data-element_type=\"widget\" data-settings=\"{&quot;_animation&quot;:&quot;fadeInLeft&quot;}\" data-widget_type=\"heading.default\">\n\t\t\t\t\t<h2 class=\"elementor-heading-title elementor-size-default\">Persondatapolitik<\/h2>\t\t\t\t<\/div>\n\t\t\t\t\t<\/div>\n\t\t\t\t<\/div>\n\t\t<div class=\"elementor-element elementor-element-7215328a e-flex e-con-boxed e-con e-parent\" data-id=\"7215328a\" data-element_type=\"container\">\n\t\t\t\t\t<div class=\"e-con-inner\">\n\t\t\t\t<div class=\"elementor-element elementor-element-71d12b2d elementor-widget elementor-widget-text-editor\" data-id=\"71d12b2d\" data-element_type=\"widget\" data-widget_type=\"text-editor.default\">\n\t\t\t\t\t\t\t\t\t\n<p>Denne persondatapolitik beskriver, hvordan Amager Skovhj\u00e6lpere behandler personoplysninger i forbindelse med driften af denne hjemmeside.<\/p>\n\n<h3 class=\"wp-block-heading\"><strong>Behandling af personoplysninger<\/strong><\/h3>\n\n<p>Denne hjemmeside indsamler ikke personoplysninger om bes\u00f8gende. Der er ingen mulighed for at oprette brugerprofiler, tilmelde sig nyhedsbreve eller udfylde kontaktformularer.<\/p>\n\n<p>Eventuelle oplysninger, som modtages ved direkte henvendelse via e-mail, behandles alene med det form\u00e5l at besvare henvendelsen. Oplysningerne slettes, n\u00e5r form\u00e5let er opfyldt, og der ikke l\u00e6ngere er et legitimt behov for opbevaring.<\/p>\n\n<h3 class=\"wp-block-heading\"><strong>Retsgrundlag<\/strong><\/h3>\n\n<p>Behandlingen af personoplysninger sker i overensstemmelse med Europa-Parlamentets og R\u00e5dets forordning (EU) 2016\/679 af 27. april 2016 (databeskyttelsesforordningen \u2013 GDPR) samt den danske databeskyttelseslov.<\/p>\n\n<h3 class=\"wp-block-heading\"><strong>Dataansvarlig<\/strong><\/h3>\n\n<p>Amager Skovhj\u00e6lpere<br \/>CVR-nr.: 31116546<br \/>Adresse: Granatvej 7, 2700 Kastrup<br \/>E-mail: <a>kontakt@amsh.dk<\/a><\/p>\n\n<p>Har du sp\u00f8rgsm\u00e5l til behandlingen af personoplysninger, kan du kontakte os p\u00e5 ovenst\u00e5ende e-mailadresse.<\/p>\n\n<p>Sidst opdateret: 28.11.2025.<\/p>\n\n<h2 class=\"wp-block-heading\"><strong>Cookiepolitik<\/strong><\/h2>\n\n<p>Denne hjemmeside anvender kun\u00a0<strong>teknisk n\u00f8dvendige cookies<\/strong>, som er afg\u00f8rende for, at siden fungerer korrekt.<\/p>\n\n<h3 class=\"wp-block-heading\"><strong>Typer af cookies<\/strong><\/h3>\n\n<p>Der anvendes ikke cookies til statistik, analyse eller markedsf\u00f8ring. Ingen oplysninger deles med tredjepart.<\/p>\n\n<h3 class=\"wp-block-heading\"><strong>Retsgrundlag<\/strong><\/h3>\n\n<p>Brugen af n\u00f8dvendige cookies er undtaget fra kravet om samtykke i henhold til \u00a7 4, stk. 2 i bekendtg\u00f8relse nr. 1148 af 9. december 2011 om krav til information og samtykke ved lagring af eller adgang til oplysninger i slutbrugeres terminaludstyr (\u201cCookiebekendtg\u00f8relsen\u201d).<\/p>\n\n<h3 class=\"wp-block-heading\"><strong>Kontaktoplysninger<\/strong><\/h3>\n\n<p>Amager Skovhj\u00e6lpere<br \/>CVR-nr.: 31116546<br \/>Adresse: Granatvej 7, 2700 Kastrup<br \/>E-mail: <a>kontakt@amsh.dk<\/a><\/p>\n\n<p>Sidst opdateret: 28.11.2025.<\/p>\n\n<p>\u00a0<\/p>\n\t\t\t\t\t\t\t\t<\/div>\n\t\t\t\t\t<\/div>\n\t\t\t\t<\/div>\n\t\t<div class=\"elementor-element elementor-element-51601b9b e-con-full e-flex e-con e-parent\" data-id=\"51601b9b\" data-element_type=\"container\" data-settings=\"{&quot;background_background&quot;:&quot;classic&quot;}\">\n\t\t\t\t<\/div>\n\t\t\t\t<\/div>\n\t\t","protected":false},"excerpt":{"rendered":"<p>Persondatapolitik Denne persondatapolitik beskriver, hvordan Amager Skovhj\u00e6lpere behandler personoplysninger i forbindelse med driften af denne hjemmeside. Behandling af personoplysninger Denne hjemmeside indsamler ikke personoplysninger om bes\u00f8gende. Der er ingen mulighed for at oprette brugerprofiler, tilmelde sig nyhedsbreve eller udfylde kontaktformularer. Eventuelle oplysninger, som modtages ved direkte henvendelse via e-mail, behandles alene med det form\u00e5l at [&hellip;]<\/p>\n","protected":false},"author":2,"featured_media":832,"parent":0,"menu_order":0,"comment_status":"closed","ping_status":"closed","template":"","meta":{"ngg_post_thumbnail":0,"footnotes":""},"class_list":["post-342","page","type-page","status-publish","has-post-thumbnail","hentry"],"_links":{"self":[{"href":"https:\/\/amsh.dk\/index.php?rest_route=\/wp\/v2\/pages\/342","targetHints":{"allow":["GET"]}}],"collection":[{"href":"https:\/\/amsh.dk\/index.php?rest_route=\/wp\/v2\/pages"}],"about":[{"href":"https:\/\/amsh.dk\/index.php?rest_route=\/wp\/v2\/types\/page"}],"author":[{"embeddable":true,"href":"https:\/\/amsh.dk\/index.php?rest_route=\/wp\/v2\/users\/2"}],"replies":[{"embeddable":true,"href":"https:\/\/amsh.dk\/index.php?rest_route=%2Fwp%2Fv2%2Fcomments&post=342"}],"version-history":[{"count":22,"href":"https:\/\/amsh.dk\/index.php?rest_route=\/wp\/v2\/pages\/342\/revisions"}],"predecessor-version":[{"id":1938,"href":"https:\/\/amsh.dk\/index.php?rest_route=\/wp\/v2\/pages\/342\/revisions\/1938"}],"wp:featuredmedia":[{"embeddable":true,"href":"https:\/\/amsh.dk\/index.php?rest_route=\/wp\/v2\/media\/832"}],"wp:attachment":[{"href":"https:\/\/amsh.dk\/index.php?rest_route=%2Fwp%2Fv2%2Fmedia&parent=342"}],"curies":[{"name":"wp","href":"https:\/\/api.w.org\/{rel}","templated":true}]}}