{"id":1879,"date":"2026-02-19T14:30:05","date_gmt":"2026-02-19T13:30:05","guid":{"rendered":"https:\/\/amsh.dk\/?page_id=1879"},"modified":"2026-02-19T14:45:36","modified_gmt":"2026-02-19T13:45:36","slug":"dansk-og-matematik","status":"publish","type":"page","link":"https:\/\/amsh.dk\/?page_id=1879","title":{"rendered":"Dansk og Matematik"},"content":{"rendered":"\t\t<div data-elementor-type=\"wp-page\" data-elementor-id=\"1879\" class=\"elementor elementor-1879\" data-elementor-post-type=\"page\">\n\t\t\t\t<div class=\"elementor-element elementor-element-1fe4b66 e-flex e-con-boxed e-con e-parent\" data-id=\"1fe4b66\" data-element_type=\"container\">\n\t\t\t\t\t<div class=\"e-con-inner\">\n\t\t\t\t<div class=\"elementor-element elementor-element-41d8265 elementor-invisible elementor-widget elementor-widget-heading\" data-id=\"41d8265\" data-element_type=\"widget\" data-settings=\"{&quot;_animation&quot;:&quot;fadeInLeft&quot;}\" data-widget_type=\"heading.default\">\n\t\t\t\t\t<h2 class=\"elementor-heading-title elementor-size-default\">Dansk og Matematik<\/h2>\t\t\t\t<\/div>\n\t\t\t\t\t<\/div>\n\t\t\t\t<\/div>\n\t\t<div class=\"elementor-element elementor-element-a1f5428 e-flex e-con-boxed e-con e-parent\" data-id=\"a1f5428\" data-element_type=\"container\">\n\t\t\t\t\t<div class=\"e-con-inner\">\n\t\t\t\t<div class=\"elementor-element elementor-element-0dbdbac elementor-widget elementor-widget-text-editor\" data-id=\"0dbdbac\" data-element_type=\"widget\" data-widget_type=\"text-editor.default\">\n\t\t\t\t\t\t\t\t\t<p><strong>Matematik<\/strong><\/p><p>Hos Amager Skovhj\u00e6lpere tilbyder vi undervisning i matematik p\u00e5 et individuelt tilpasset niveau. Fra hverdagsmatematik der kan bruges n\u00e5r du handler ind til eksamensforberedende undervisning, der kan v\u00e6re adgangsgivende til erhvervsuddannelser.<\/p><p>I hverdagsmatematik for voksne tages udgangspunkt i l\u00e6replaner fra <strong>FVU<\/strong>, svarende til niveauet for 3.- 8. klasse. <u><a href=\"https:\/\/uvm.dk\/uddannelse-til-voksne\/forberedende-voksenundervisning-fvu\/\" target=\"_blank\" rel=\"noopener\" data-saferedirecturl=\"https:\/\/www.google.com\/url?q=https:\/\/uvm.dk\/uddannelse-til-voksne\/forberedende-voksenundervisning-fvu\/&amp;source=gmail&amp;ust=1771593859460000&amp;usg=AOvVaw2sjkjqS1_xtJPOoXT_7n0i\">https:\/\/uvm.dk\/uddannelse-til-voksne\/forberedende-voksenundervisning-fvu\/<\/a><\/u>\u00a0<\/p><p>I den eksamensforberedende undervisning for voksne tages udgangspunkt i l\u00e6replaner fra <strong>AVU<\/strong>\u00a0svarende til 9.-10. klasse. Eksaminer afholdes i samarbejde med <strong>VUC<\/strong>.<\/p><p><u><a href=\"https:\/\/uvm.dk\/uddannelse-til-voksne\/almen-voksenuddannelse-avu\/\" target=\"_blank\" rel=\"noopener\" data-saferedirecturl=\"https:\/\/www.google.com\/url?q=https:\/\/uvm.dk\/uddannelse-til-voksne\/almen-voksenuddannelse-avu\/&amp;source=gmail&amp;ust=1771593859460000&amp;usg=AOvVaw1yzqGEfZy4FHr9kPKrmJcQ\">https:\/\/uvm.dk\/uddannelse-til-voksne\/almen-voksenuddannelse-avu\/<\/a><\/u>\u00a0<\/p>\t\t\t\t\t\t\t\t<\/div>\n\t\t\t\t\t<\/div>\n\t\t\t\t<\/div>\n\t\t<div class=\"elementor-element elementor-element-9c59cb5 e-flex e-con-boxed e-con e-parent\" data-id=\"9c59cb5\" data-element_type=\"container\">\n\t\t\t\t\t<div class=\"e-con-inner\">\n\t\t\t\t<div class=\"elementor-element elementor-element-054486d elementor-widget elementor-widget-text-editor\" data-id=\"054486d\" data-element_type=\"widget\" data-widget_type=\"text-editor.default\">\n\t\t\t\t\t\t\t\t\t<p><strong>Dansk<\/strong><\/p><p>Hos Amager Skovhj\u00e6lpere tilbyder vi undervisning i dansk p\u00e5 et individuelt tilpasset niveau. Fra hverdagsdansk til eksamensforberedende undervisning, der kan v\u00e6re adgangsgivende til erhvervsuddannelser.<\/p><p>I hverdagsdansk for voksne tages udgangspunkt i l\u00e6replaner fra <strong>FVU<\/strong>, svarende til niveauet for 3.- 8. klasse.\u00a0<\/p><p><u><a href=\"https:\/\/uvm.dk\/uddannelse-til-voksne\/forberedende-voksenundervisning-fvu\/\" target=\"_blank\" rel=\"noopener\" data-saferedirecturl=\"https:\/\/www.google.com\/url?q=https:\/\/uvm.dk\/uddannelse-til-voksne\/forberedende-voksenundervisning-fvu\/&amp;source=gmail&amp;ust=1771593859460000&amp;usg=AOvVaw2sjkjqS1_xtJPOoXT_7n0i\">https:\/\/uvm.dk\/uddannelse-til-voksne\/forberedende-voksenundervisning-fvu\/<\/a><\/u>\u00a0<\/p><p>I den eksamensforberedende undervisning for voksne tages udgangspunkt i l\u00e6replaner fra <strong>AVU<\/strong>\u00a0svarende til 9.-10. klasse. Eksaminer afholdes i samarbejde med <strong>VUC<\/strong>.<\/p><p><u><a href=\"https:\/\/uvm.dk\/uddannelse-til-voksne\/almen-voksenuddannelse-avu\/\" target=\"_blank\" rel=\"noopener\" data-saferedirecturl=\"https:\/\/www.google.com\/url?q=https:\/\/uvm.dk\/uddannelse-til-voksne\/almen-voksenuddannelse-avu\/&amp;source=gmail&amp;ust=1771593859460000&amp;usg=AOvVaw1yzqGEfZy4FHr9kPKrmJcQ\">https:\/\/uvm.dk\/uddannelse-til-voksne\/almen-voksenuddannelse-avu\/<\/a><\/u><\/p>\t\t\t\t\t\t\t\t<\/div>\n\t\t\t\t\t<\/div>\n\t\t\t\t<\/div>\n\t\t<div class=\"elementor-element elementor-element-54d72ddd e-con-full e-flex e-con e-parent\" data-id=\"54d72ddd\" data-element_type=\"container\" data-settings=\"{&quot;background_background&quot;:&quot;classic&quot;}\">\n\t\t\t\t<\/div>\n\t\t\t\t<\/div>\n\t\t","protected":false},"excerpt":{"rendered":"<p>Dansk og Matematik Matematik Hos Amager Skovhj\u00e6lpere tilbyder vi undervisning i matematik p\u00e5 et individuelt tilpasset niveau. Fra hverdagsmatematik der kan bruges n\u00e5r du handler ind til eksamensforberedende undervisning, der kan v\u00e6re adgangsgivende til erhvervsuddannelser. I hverdagsmatematik for voksne tages udgangspunkt i l\u00e6replaner fra FVU, svarende til niveauet for 3.- 8. klasse. https:\/\/uvm.dk\/uddannelse-til-voksne\/forberedende-voksenundervisning-fvu\/\u00a0 I den [&hellip;]<\/p>\n","protected":false},"author":1,"featured_media":0,"parent":0,"menu_order":0,"comment_status":"closed","ping_status":"closed","template":"","meta":{"ngg_post_thumbnail":0,"footnotes":""},"class_list":["post-1879","page","type-page","status-publish","hentry"],"_links":{"self":[{"href":"https:\/\/amsh.dk\/index.php?rest_route=\/wp\/v2\/pages\/1879","targetHints":{"allow":["GET"]}}],"collection":[{"href":"https:\/\/amsh.dk\/index.php?rest_route=\/wp\/v2\/pages"}],"about":[{"href":"https:\/\/amsh.dk\/index.php?rest_route=\/wp\/v2\/types\/page"}],"author":[{"embeddable":true,"href":"https:\/\/amsh.dk\/index.php?rest_route=\/wp\/v2\/users\/1"}],"replies":[{"embeddable":true,"href":"https:\/\/amsh.dk\/index.php?rest_route=%2Fwp%2Fv2%2Fcomments&post=1879"}],"version-history":[{"count":7,"href":"https:\/\/amsh.dk\/index.php?rest_route=\/wp\/v2\/pages\/1879\/revisions"}],"predecessor-version":[{"id":1899,"href":"https:\/\/amsh.dk\/index.php?rest_route=\/wp\/v2\/pages\/1879\/revisions\/1899"}],"wp:attachment":[{"href":"https:\/\/amsh.dk\/index.php?rest_route=%2Fwp%2Fv2%2Fmedia&parent=1879"}],"curies":[{"name":"wp","href":"https:\/\/api.w.org\/{rel}","templated":true}]}}