{"id":158,"date":"2019-12-08T17:00:12","date_gmt":"2019-12-08T16:00:12","guid":{"rendered":"http:\/\/amsh.dk\/?page_id=158"},"modified":"2019-12-08T20:52:29","modified_gmt":"2019-12-08T19:52:29","slug":"kaffecykel","status":"publish","type":"page","link":"https:\/\/amsh.dk\/?page_id=158","title":{"rendered":"Kaffecykel"},"content":{"rendered":"<p>Her varetages serviceringen af diverse kaffet\u00f8rstige kunder.<\/p>\n<p>Arbejdsomr\u00e5der inkluderer f\u00f8lgende:<\/p>\n<p>Kundekontakt og service<br \/>\nH\u00e5ndtering af professionelt espresso og m\u00e6lkesteamer udstyr<br \/>\nKlarg\u00f8ring af udstyr og varer<br \/>\nkasseh\u00e5ndtering<\/p>\n","protected":false},"excerpt":{"rendered":"<p>Her varetages serviceringen af diverse kaffet\u00f8rstige kunder. Arbejdsomr\u00e5der inkluderer f\u00f8lgende: Kundekontakt og service H\u00e5ndtering af professionelt espresso og m\u00e6lkesteamer udstyr Klarg\u00f8ring af udstyr og varer kasseh\u00e5ndtering<\/p>\n","protected":false},"author":1,"featured_media":0,"parent":121,"menu_order":12,"comment_status":"closed","ping_status":"closed","template":"","meta":{"ngg_post_thumbnail":0,"footnotes":""},"class_list":["post-158","page","type-page","status-publish","hentry"],"_links":{"self":[{"href":"https:\/\/amsh.dk\/index.php?rest_route=\/wp\/v2\/pages\/158","targetHints":{"allow":["GET"]}}],"collection":[{"href":"https:\/\/amsh.dk\/index.php?rest_route=\/wp\/v2\/pages"}],"about":[{"href":"https:\/\/amsh.dk\/index.php?rest_route=\/wp\/v2\/types\/page"}],"author":[{"embeddable":true,"href":"https:\/\/amsh.dk\/index.php?rest_route=\/wp\/v2\/users\/1"}],"replies":[{"embeddable":true,"href":"https:\/\/amsh.dk\/index.php?rest_route=%2Fwp%2Fv2%2Fcomments&post=158"}],"version-history":[{"count":2,"href":"https:\/\/amsh.dk\/index.php?rest_route=\/wp\/v2\/pages\/158\/revisions"}],"predecessor-version":[{"id":179,"href":"https:\/\/amsh.dk\/index.php?rest_route=\/wp\/v2\/pages\/158\/revisions\/179"}],"up":[{"embeddable":true,"href":"https:\/\/amsh.dk\/index.php?rest_route=\/wp\/v2\/pages\/121"}],"wp:attachment":[{"href":"https:\/\/amsh.dk\/index.php?rest_route=%2Fwp%2Fv2%2Fmedia&parent=158"}],"curies":[{"name":"wp","href":"https:\/\/api.w.org\/{rel}","templated":true}]}}