{"id":136,"date":"2019-12-08T16:33:49","date_gmt":"2019-12-08T15:33:49","guid":{"rendered":"http:\/\/amsh.dk\/?page_id=136"},"modified":"2021-01-21T13:32:11","modified_gmt":"2021-01-21T12:32:11","slug":"savvaerk","status":"publish","type":"page","link":"https:\/\/amsh.dk\/?page_id=136","title":{"rendered":"Savv\u00e6rk"},"content":{"rendered":"<p>En af de daglige arbejdsopgaver hos Amager Skovhj\u00e6lpere er p\u00e5 vores savv\u00e6rk. Her h\u00e5ndterer skovhj\u00e6lperne tr\u00e6er som de ofte selv har f\u00e6ldet.<\/p>\n<p>Arbejde p\u00e5 selve savv\u00e6rket &#8211; sk\u00e6re planker, veligeholdelse af saven, assistere ved savning og stabling af tr\u00e6et.<\/p>\n<p>Arbejde med almene arbejdsv\u00e6rkt\u00f8jer<\/p>\n","protected":false},"excerpt":{"rendered":"<p>En af de daglige arbejdsopgaver hos Amager Skovhj\u00e6lpere er p\u00e5 vores savv\u00e6rk. Her h\u00e5ndterer skovhj\u00e6lperne tr\u00e6er som de ofte selv har f\u00e6ldet. Arbejde p\u00e5 selve savv\u00e6rket &#8211; sk\u00e6re planker, veligeholdelse af saven, assistere ved savning og stabling af tr\u00e6et. Arbejde med almene arbejdsv\u00e6rkt\u00f8jer<\/p>\n","protected":false},"author":1,"featured_media":0,"parent":121,"menu_order":5,"comment_status":"closed","ping_status":"closed","template":"","meta":{"ngg_post_thumbnail":0,"footnotes":""},"class_list":["post-136","page","type-page","status-publish","hentry"],"_links":{"self":[{"href":"https:\/\/amsh.dk\/index.php?rest_route=\/wp\/v2\/pages\/136","targetHints":{"allow":["GET"]}}],"collection":[{"href":"https:\/\/amsh.dk\/index.php?rest_route=\/wp\/v2\/pages"}],"about":[{"href":"https:\/\/amsh.dk\/index.php?rest_route=\/wp\/v2\/types\/page"}],"author":[{"embeddable":true,"href":"https:\/\/amsh.dk\/index.php?rest_route=\/wp\/v2\/users\/1"}],"replies":[{"embeddable":true,"href":"https:\/\/amsh.dk\/index.php?rest_route=%2Fwp%2Fv2%2Fcomments&post=136"}],"version-history":[{"count":3,"href":"https:\/\/amsh.dk\/index.php?rest_route=\/wp\/v2\/pages\/136\/revisions"}],"predecessor-version":[{"id":203,"href":"https:\/\/amsh.dk\/index.php?rest_route=\/wp\/v2\/pages\/136\/revisions\/203"}],"up":[{"embeddable":true,"href":"https:\/\/amsh.dk\/index.php?rest_route=\/wp\/v2\/pages\/121"}],"wp:attachment":[{"href":"https:\/\/amsh.dk\/index.php?rest_route=%2Fwp%2Fv2%2Fmedia&parent=136"}],"curies":[{"name":"wp","href":"https:\/\/api.w.org\/{rel}","templated":true}]}}