{"id":118,"date":"2019-12-08T16:11:54","date_gmt":"2019-12-08T15:11:54","guid":{"rendered":"http:\/\/amsh.dk\/?page_id=118"},"modified":"2026-03-23T11:45:29","modified_gmt":"2026-03-23T10:45:29","slug":"jobcentre-uu","status":"publish","type":"page","link":"https:\/\/amsh.dk\/?page_id=118","title":{"rendered":"Jobcentre &#038; UU"},"content":{"rendered":"\t\t<div data-elementor-type=\"wp-page\" data-elementor-id=\"118\" class=\"elementor elementor-118\" data-elementor-post-type=\"page\">\n\t\t\t\t<div class=\"elementor-element elementor-element-fa9d642 e-flex e-con-boxed e-con e-parent\" data-id=\"fa9d642\" data-element_type=\"container\">\n\t\t\t\t\t<div class=\"e-con-inner\">\n\t\t\t\t<div class=\"elementor-element elementor-element-23f8cf3 elementor-invisible elementor-widget elementor-widget-heading\" data-id=\"23f8cf3\" data-element_type=\"widget\" data-settings=\"{&quot;_animation&quot;:&quot;fadeInLeft&quot;}\" data-widget_type=\"heading.default\">\n\t\t\t\t\t<h2 class=\"elementor-heading-title elementor-size-default\">Jobcentre &amp; UU<\/h2>\t\t\t\t<\/div>\n\t\t\t\t\t<\/div>\n\t\t\t\t<\/div>\n\t\t<div class=\"elementor-element elementor-element-3d14d4a e-flex e-con-boxed e-con e-parent\" data-id=\"3d14d4a\" data-element_type=\"container\">\n\t\t\t\t\t<div class=\"e-con-inner\">\n\t\t<div class=\"elementor-element elementor-element-1c70c43 e-con-full e-flex e-con e-child\" data-id=\"1c70c43\" data-element_type=\"container\">\n\t\t\t\t<div class=\"elementor-element elementor-element-f30feb2 elementor-hidden-mobile elementor-invisible elementor-widget elementor-widget-image\" data-id=\"f30feb2\" data-element_type=\"widget\" data-settings=\"{&quot;_animation&quot;:&quot;fadeInLeft&quot;}\" data-widget_type=\"image.default\">\n\t\t\t\t\t\t\t\t\t\t\t\t\t\t\t<img loading=\"lazy\" decoding=\"async\" width=\"800\" height=\"800\" src=\"https:\/\/amsh.dk\/wp-content\/uploads\/2025\/12\/18425223_10154309230657234_3637007180257813148_n_malene-1.jpg\" class=\"attachment-large size-large wp-image-1016\" alt=\"\" srcset=\"https:\/\/amsh.dk\/wp-content\/uploads\/2025\/12\/18425223_10154309230657234_3637007180257813148_n_malene-1.jpg 960w, https:\/\/amsh.dk\/wp-content\/uploads\/2025\/12\/elementor\/thumbs\/18425223_10154309230657234_3637007180257813148_n_malene-1-rfpihvkiuqnujbljvub5bq38v0texo1akvclsd5z94.jpg 300w, https:\/\/amsh.dk\/wp-content\/uploads\/2025\/12\/18425223_10154309230657234_3637007180257813148_n_malene-1-150x150.jpg 150w, https:\/\/amsh.dk\/wp-content\/uploads\/2025\/12\/18425223_10154309230657234_3637007180257813148_n_malene-1-768x768.jpg 768w\" sizes=\"auto, (max-width: 800px) 100vw, 800px\" \/>\t\t\t\t\t\t\t\t\t\t\t\t\t\t\t<\/div>\n\t\t\t\t<\/div>\n\t\t<div class=\"elementor-element elementor-element-444816c e-con-full e-flex e-con e-child\" data-id=\"444816c\" data-element_type=\"container\">\n\t\t\t\t<div class=\"elementor-element elementor-element-54d9860 elementor-invisible elementor-widget elementor-widget-image\" data-id=\"54d9860\" data-element_type=\"widget\" data-settings=\"{&quot;_animation&quot;:&quot;fadeInRight&quot;}\" data-widget_type=\"image.default\">\n\t\t\t\t\t\t\t\t\t\t\t\t\t\t\t<img loading=\"lazy\" decoding=\"async\" width=\"800\" height=\"800\" src=\"https:\/\/amsh.dk\/wp-content\/uploads\/2025\/12\/IMG_0102-1.jpg\" class=\"attachment-large size-large wp-image-1018\" alt=\"\" srcset=\"https:\/\/amsh.dk\/wp-content\/uploads\/2025\/12\/IMG_0102-1.jpg 900w, https:\/\/amsh.dk\/wp-content\/uploads\/2025\/12\/elementor\/thumbs\/IMG_0102-1-rfpihwid1kp4uxk6qcprw7upgeos5d50x0039n4l2w.jpg 300w, https:\/\/amsh.dk\/wp-content\/uploads\/2025\/12\/IMG_0102-1-150x150.jpg 150w, https:\/\/amsh.dk\/wp-content\/uploads\/2025\/12\/IMG_0102-1-768x768.jpg 768w\" sizes=\"auto, (max-width: 800px) 100vw, 800px\" \/>\t\t\t\t\t\t\t\t\t\t\t\t\t\t\t<\/div>\n\t\t\t\t<\/div>\n\t\t\t\t\t<\/div>\n\t\t\t\t<\/div>\n\t\t<div class=\"elementor-element elementor-element-75e0ada e-flex e-con-boxed e-con e-parent\" data-id=\"75e0ada\" data-element_type=\"container\">\n\t\t\t\t\t<div class=\"e-con-inner\">\n\t\t\t\t<div class=\"elementor-element elementor-element-3ff410f elementor-widget elementor-widget-text-editor\" data-id=\"3ff410f\" data-element_type=\"widget\" data-widget_type=\"text-editor.default\">\n\t\t\t\t\t\t\t\t\t<p>Amager Skovhj\u00e6lpere har et t\u00e6t samarbejde med UU og Jobcentrene. Baggrunden for det t\u00e6tte samarbejde med jobcentret og UU er bl.a. en erkendelse af, at den unge, efter afsluttet STU, enten vil overg\u00e5 i jobcentrets regi eller skal afklares i forhold til uddannelse. Vi \u00f8nsker at lette denne overgang. N\u00e5r vores elever p\u00e5begynder deres 3. og sidste \u00e5r af deres STU, afholder vi m\u00f8de med UU, jobcentret og eleven. Vores f\u00e6lles m\u00e5ls\u00e6tning er, at den unge ikke efter endt STU skal \u201dhjem p\u00e5 sofaen\u201d, men at han\/hun enten skal videreuddanne sig evt. tage en FGU eller EDU, f\u00e5r ordin\u00e6r ans\u00e6ttelse i en virksomhed, eller hurtigst muligt for tilkendt flexjob eller pension. For at im\u00f8dekomme denne m\u00e5ls\u00e6tning sender vi fx statusbeskrivelser til jobcentret og UU, hvori vi er bevidste om, at formulere os s\u00e5ledes, at jobcentret og UU senere kan bruge observationerne direkte ind i deres job og uddannelsesafklaring.\u00a0P\u00e5 den m\u00e5de kan en del af jobcentrets afklaring om elevens arbejdsevne ske allerede undervejs i STU\u2019en.<\/p>\t\t\t\t\t\t\t\t<\/div>\n\t\t\t\t\t<\/div>\n\t\t\t\t<\/div>\n\t\t<div class=\"elementor-element elementor-element-71beff27 e-con-full e-flex e-con e-parent\" data-id=\"71beff27\" data-element_type=\"container\" data-settings=\"{&quot;background_background&quot;:&quot;classic&quot;}\">\n\t\t\t\t<\/div>\n\t\t\t\t<\/div>\n\t\t","protected":false},"excerpt":{"rendered":"<p>Jobcentre &amp; UU Amager Skovhj\u00e6lpere har et t\u00e6t samarbejde med UU og Jobcentrene. Baggrunden for det t\u00e6tte samarbejde med jobcentret og UU er bl.a. en erkendelse af, at den unge, efter afsluttet STU, enten vil overg\u00e5 i jobcentrets regi eller skal afklares i forhold til uddannelse. Vi \u00f8nsker at lette denne overgang. N\u00e5r vores elever [&hellip;]<\/p>\n","protected":false},"author":1,"featured_media":762,"parent":91,"menu_order":4,"comment_status":"closed","ping_status":"closed","template":"","meta":{"ngg_post_thumbnail":0,"footnotes":""},"class_list":["post-118","page","type-page","status-publish","has-post-thumbnail","hentry"],"_links":{"self":[{"href":"https:\/\/amsh.dk\/index.php?rest_route=\/wp\/v2\/pages\/118","targetHints":{"allow":["GET"]}}],"collection":[{"href":"https:\/\/amsh.dk\/index.php?rest_route=\/wp\/v2\/pages"}],"about":[{"href":"https:\/\/amsh.dk\/index.php?rest_route=\/wp\/v2\/types\/page"}],"author":[{"embeddable":true,"href":"https:\/\/amsh.dk\/index.php?rest_route=\/wp\/v2\/users\/1"}],"replies":[{"embeddable":true,"href":"https:\/\/amsh.dk\/index.php?rest_route=%2Fwp%2Fv2%2Fcomments&post=118"}],"version-history":[{"count":22,"href":"https:\/\/amsh.dk\/index.php?rest_route=\/wp\/v2\/pages\/118\/revisions"}],"predecessor-version":[{"id":1969,"href":"https:\/\/amsh.dk\/index.php?rest_route=\/wp\/v2\/pages\/118\/revisions\/1969"}],"up":[{"embeddable":true,"href":"https:\/\/amsh.dk\/index.php?rest_route=\/wp\/v2\/pages\/91"}],"wp:featuredmedia":[{"embeddable":true,"href":"https:\/\/amsh.dk\/index.php?rest_route=\/wp\/v2\/media\/762"}],"wp:attachment":[{"href":"https:\/\/amsh.dk\/index.php?rest_route=%2Fwp%2Fv2%2Fmedia&parent=118"}],"curies":[{"name":"wp","href":"https:\/\/api.w.org\/{rel}","templated":true}]}}