{"id":115,"date":"2019-12-08T16:07:12","date_gmt":"2019-12-08T15:07:12","guid":{"rendered":"http:\/\/amsh.dk\/?page_id=115"},"modified":"2026-03-23T11:30:35","modified_gmt":"2026-03-23T10:30:35","slug":"praktik-stu","status":"publish","type":"page","link":"https:\/\/amsh.dk\/?page_id=115","title":{"rendered":"Praktik &#038; STU"},"content":{"rendered":"\t\t<div data-elementor-type=\"wp-page\" data-elementor-id=\"115\" class=\"elementor elementor-115\" data-elementor-post-type=\"page\">\n\t\t\t\t<div class=\"elementor-element elementor-element-44556dc e-flex e-con-boxed e-con e-parent\" data-id=\"44556dc\" data-element_type=\"container\">\n\t\t\t\t\t<div class=\"e-con-inner\">\n\t\t\t\t<div class=\"elementor-element elementor-element-aef18e3 elementor-invisible elementor-widget elementor-widget-heading\" data-id=\"aef18e3\" data-element_type=\"widget\" data-settings=\"{&quot;_animation&quot;:&quot;fadeInLeft&quot;}\" data-widget_type=\"heading.default\">\n\t\t\t\t\t<h2 class=\"elementor-heading-title elementor-size-default\">praktik &amp; stu<\/h2>\t\t\t\t<\/div>\n\t\t\t\t\t<\/div>\n\t\t\t\t<\/div>\n\t\t<div class=\"elementor-element elementor-element-3484186 e-flex e-con-boxed e-con e-parent\" data-id=\"3484186\" data-element_type=\"container\">\n\t\t\t\t\t<div class=\"e-con-inner\">\n\t\t<div class=\"elementor-element elementor-element-9ea5599 e-con-full e-flex e-con e-child\" data-id=\"9ea5599\" data-element_type=\"container\">\n\t\t\t\t<div class=\"elementor-element elementor-element-54a0057 elementor-widget elementor-widget-text-editor\" data-id=\"54a0057\" data-element_type=\"widget\" data-widget_type=\"text-editor.default\">\n\t\t\t\t\t\t\t\t\t<p data-start=\"554\" data-end=\"855\">Vi samarbejder med b\u00e5de andre STU-skoler og med det lokale erhvervsliv. Fordi vi i forvejen l\u00f8ser mange opgaver i n\u00e6romr\u00e5det \u2013 Vestamager, Drag\u00f8r, \u00d8restad og Christianshavn \u2013 har vi oparbejdet et st\u00e6rkt netv\u00e6rk af kommunale og private akt\u00f8rer, der kender os og gerne tager imod vores elever i praktik.<\/p><p data-start=\"857\" data-end=\"1203\">N\u00e5r en elev skal i praktik, er det afg\u00f8rende, at praktikstedet kender elevens udfordringer og de s\u00e6rlige hensyn, der skal tages.<br data-start=\"985\" data-end=\"988\" \/>Eksempelvis elsker Frederikke at v\u00e6re sammen med \u00e6ldre mennesker, og hendes dr\u00f8m er at arbejde som plejer eller i k\u00f8kkenet p\u00e5 et plejehjem. Derfor finder vi et praktiksted, der passer til hendes interesser og behov.<\/p><p data-start=\"1205\" data-end=\"1510\">N\u00e5r praktikperioden afsluttes, afholder vi et <strong data-start=\"1251\" data-end=\"1270\">evalueringsm\u00f8de<\/strong> mellem eleven, STU-vejlederen og personalet fra praktikpladsen. Her gennemg\u00e5r vi forl\u00f8bet, taler om elevens udvikling, og eleven f\u00e5r vejledning om, hvad der eventuelt skal arbejdes videre med for senere at kunne s\u00f8ge job inden for omr\u00e5det.<\/p>\t\t\t\t\t\t\t\t<\/div>\n\t\t\t\t<\/div>\n\t\t<div class=\"elementor-element elementor-element-db48f50 e-con-full e-flex e-con e-child\" data-id=\"db48f50\" data-element_type=\"container\">\n\t\t<div class=\"elementor-element elementor-element-f803203 e-con-full e-flex e-con e-child\" data-id=\"f803203\" data-element_type=\"container\">\n\t\t\t\t<div class=\"elementor-element elementor-element-148b519 elementor-hidden-tablet elementor-hidden-mobile elementor-invisible elementor-widget elementor-widget-image\" data-id=\"148b519\" data-element_type=\"widget\" data-settings=\"{&quot;_animation&quot;:&quot;fadeInDown&quot;}\" data-widget_type=\"image.default\">\n\t\t\t\t\t\t\t\t\t\t\t\t\t\t\t<img loading=\"lazy\" decoding=\"async\" width=\"800\" height=\"600\" src=\"https:\/\/amsh.dk\/wp-content\/uploads\/2025\/12\/481949798_9494872313895213_1827262918491687633_n-1024x768.jpg\" class=\"attachment-large size-large wp-image-618\" alt=\"\" srcset=\"https:\/\/amsh.dk\/wp-content\/uploads\/2025\/12\/481949798_9494872313895213_1827262918491687633_n-1024x768.jpg 1024w, https:\/\/amsh.dk\/wp-content\/uploads\/2025\/12\/481949798_9494872313895213_1827262918491687633_n-300x225.jpg 300w, https:\/\/amsh.dk\/wp-content\/uploads\/2025\/12\/481949798_9494872313895213_1827262918491687633_n-768x576.jpg 768w, https:\/\/amsh.dk\/wp-content\/uploads\/2025\/12\/481949798_9494872313895213_1827262918491687633_n-1536x1152.jpg 1536w, https:\/\/amsh.dk\/wp-content\/uploads\/2025\/12\/481949798_9494872313895213_1827262918491687633_n.jpg 2048w\" sizes=\"auto, (max-width: 800px) 100vw, 800px\" \/>\t\t\t\t\t\t\t\t\t\t\t\t\t\t\t<\/div>\n\t\t\t\t<\/div>\n\t\t<div class=\"elementor-element elementor-element-9d25f6e e-flex e-con-boxed e-con e-child\" data-id=\"9d25f6e\" data-element_type=\"container\">\n\t\t\t\t\t<div class=\"e-con-inner\">\n\t\t\t\t<div class=\"elementor-element elementor-element-6cf79f5 elementor-invisible elementor-widget elementor-widget-image\" data-id=\"6cf79f5\" data-element_type=\"widget\" data-settings=\"{&quot;_animation&quot;:&quot;fadeInUp&quot;}\" data-widget_type=\"image.default\">\n\t\t\t\t\t\t\t\t\t\t\t\t\t\t\t<img loading=\"lazy\" decoding=\"async\" width=\"800\" height=\"600\" src=\"https:\/\/amsh.dk\/wp-content\/uploads\/2025\/12\/484827165_1066894518805673_894053611838014294_n-1024x768.jpg\" class=\"attachment-large size-large wp-image-619\" alt=\"\" srcset=\"https:\/\/amsh.dk\/wp-content\/uploads\/2025\/12\/484827165_1066894518805673_894053611838014294_n-1024x768.jpg 1024w, https:\/\/amsh.dk\/wp-content\/uploads\/2025\/12\/484827165_1066894518805673_894053611838014294_n-300x225.jpg 300w, https:\/\/amsh.dk\/wp-content\/uploads\/2025\/12\/484827165_1066894518805673_894053611838014294_n-768x576.jpg 768w, https:\/\/amsh.dk\/wp-content\/uploads\/2025\/12\/484827165_1066894518805673_894053611838014294_n-1536x1152.jpg 1536w, https:\/\/amsh.dk\/wp-content\/uploads\/2025\/12\/484827165_1066894518805673_894053611838014294_n.jpg 2048w\" sizes=\"auto, (max-width: 800px) 100vw, 800px\" \/>\t\t\t\t\t\t\t\t\t\t\t\t\t\t\t<\/div>\n\t\t\t\t\t<\/div>\n\t\t\t\t<\/div>\n\t\t\t\t<\/div>\n\t\t\t\t\t<\/div>\n\t\t\t\t<\/div>\n\t\t<div class=\"elementor-element elementor-element-247da126 e-con-full e-flex e-con e-parent\" data-id=\"247da126\" data-element_type=\"container\" data-settings=\"{&quot;background_background&quot;:&quot;classic&quot;}\">\n\t\t\t\t<\/div>\n\t\t\t\t<\/div>\n\t\t","protected":false},"excerpt":{"rendered":"<p>praktik &amp; stu Vi samarbejder med b\u00e5de andre STU-skoler og med det lokale erhvervsliv. Fordi vi i forvejen l\u00f8ser mange opgaver i n\u00e6romr\u00e5det \u2013 Vestamager, Drag\u00f8r, \u00d8restad og Christianshavn \u2013 har vi oparbejdet et st\u00e6rkt netv\u00e6rk af kommunale og private akt\u00f8rer, der kender os og gerne tager imod vores elever i praktik. N\u00e5r en elev [&hellip;]<\/p>\n","protected":false},"author":1,"featured_media":863,"parent":91,"menu_order":3,"comment_status":"closed","ping_status":"closed","template":"","meta":{"ngg_post_thumbnail":0,"footnotes":""},"class_list":["post-115","page","type-page","status-publish","has-post-thumbnail","hentry"],"_links":{"self":[{"href":"https:\/\/amsh.dk\/index.php?rest_route=\/wp\/v2\/pages\/115","targetHints":{"allow":["GET"]}}],"collection":[{"href":"https:\/\/amsh.dk\/index.php?rest_route=\/wp\/v2\/pages"}],"about":[{"href":"https:\/\/amsh.dk\/index.php?rest_route=\/wp\/v2\/types\/page"}],"author":[{"embeddable":true,"href":"https:\/\/amsh.dk\/index.php?rest_route=\/wp\/v2\/users\/1"}],"replies":[{"embeddable":true,"href":"https:\/\/amsh.dk\/index.php?rest_route=%2Fwp%2Fv2%2Fcomments&post=115"}],"version-history":[{"count":25,"href":"https:\/\/amsh.dk\/index.php?rest_route=\/wp\/v2\/pages\/115\/revisions"}],"predecessor-version":[{"id":1953,"href":"https:\/\/amsh.dk\/index.php?rest_route=\/wp\/v2\/pages\/115\/revisions\/1953"}],"up":[{"embeddable":true,"href":"https:\/\/amsh.dk\/index.php?rest_route=\/wp\/v2\/pages\/91"}],"wp:featuredmedia":[{"embeddable":true,"href":"https:\/\/amsh.dk\/index.php?rest_route=\/wp\/v2\/media\/863"}],"wp:attachment":[{"href":"https:\/\/amsh.dk\/index.php?rest_route=%2Fwp%2Fv2%2Fmedia&parent=115"}],"curies":[{"name":"wp","href":"https:\/\/api.w.org\/{rel}","templated":true}]}}