{"id":106,"date":"2019-12-08T15:44:01","date_gmt":"2019-12-08T14:44:01","guid":{"rendered":"http:\/\/amsh.dk\/?page_id=106"},"modified":"2026-03-23T11:53:21","modified_gmt":"2026-03-23T10:53:21","slug":"praktik-almen","status":"publish","type":"page","link":"https:\/\/amsh.dk\/?page_id=106","title":{"rendered":"Praktik &#8211; almen"},"content":{"rendered":"\t\t<div data-elementor-type=\"wp-page\" data-elementor-id=\"106\" class=\"elementor elementor-106\" data-elementor-post-type=\"page\">\n\t\t\t\t<div class=\"elementor-element elementor-element-9fa9bce e-flex e-con-boxed e-con e-parent\" data-id=\"9fa9bce\" data-element_type=\"container\">\n\t\t\t\t\t<div class=\"e-con-inner\">\n\t\t\t\t<div class=\"elementor-element elementor-element-117e8b8 elementor-invisible elementor-widget elementor-widget-heading\" data-id=\"117e8b8\" data-element_type=\"widget\" data-settings=\"{&quot;_animation&quot;:&quot;fadeInLeft&quot;}\" data-widget_type=\"heading.default\">\n\t\t\t\t\t<h2 class=\"elementor-heading-title elementor-size-default\">Praktik - Almen<\/h2>\t\t\t\t<\/div>\n\t\t\t\t\t<\/div>\n\t\t\t\t<\/div>\n\t\t<div class=\"elementor-element elementor-element-1c599e8 e-flex e-con-boxed e-con e-parent\" data-id=\"1c599e8\" data-element_type=\"container\">\n\t\t\t\t\t<div class=\"e-con-inner\">\n\t\t\t\t<div class=\"elementor-element elementor-element-5efc8f9 elementor-widget elementor-widget-text-editor\" data-id=\"5efc8f9\" data-element_type=\"widget\" data-widget_type=\"text-editor.default\">\n\t\t\t\t\t\t\t\t\t<p>Amager Skovhj\u00e6lpere samarbejder gerne om at etablere praktikforl\u00f8b. <a href=\"https:\/\/amsh.dk\/?page_id=378\">Kontakt os<\/a> for n\u00e6rmere info.<\/p>\t\t\t\t\t\t\t\t<\/div>\n\t\t\t\t\t<\/div>\n\t\t\t\t<\/div>\n\t\t<div class=\"elementor-element elementor-element-61290fbf e-con-full e-flex e-con e-parent\" data-id=\"61290fbf\" data-element_type=\"container\" data-settings=\"{&quot;background_background&quot;:&quot;classic&quot;}\">\n\t\t\t\t<\/div>\n\t\t\t\t<\/div>\n\t\t","protected":false},"excerpt":{"rendered":"<p>Praktik &#8211; Almen Amager Skovhj\u00e6lpere samarbejder gerne om at etablere praktikforl\u00f8b. Kontakt os for n\u00e6rmere info.<\/p>\n","protected":false},"author":1,"featured_media":1015,"parent":88,"menu_order":6,"comment_status":"closed","ping_status":"closed","template":"","meta":{"ngg_post_thumbnail":0,"footnotes":""},"class_list":["post-106","page","type-page","status-publish","has-post-thumbnail","hentry"],"_links":{"self":[{"href":"https:\/\/amsh.dk\/index.php?rest_route=\/wp\/v2\/pages\/106","targetHints":{"allow":["GET"]}}],"collection":[{"href":"https:\/\/amsh.dk\/index.php?rest_route=\/wp\/v2\/pages"}],"about":[{"href":"https:\/\/amsh.dk\/index.php?rest_route=\/wp\/v2\/types\/page"}],"author":[{"embeddable":true,"href":"https:\/\/amsh.dk\/index.php?rest_route=\/wp\/v2\/users\/1"}],"replies":[{"embeddable":true,"href":"https:\/\/amsh.dk\/index.php?rest_route=%2Fwp%2Fv2%2Fcomments&post=106"}],"version-history":[{"count":19,"href":"https:\/\/amsh.dk\/index.php?rest_route=\/wp\/v2\/pages\/106\/revisions"}],"predecessor-version":[{"id":1981,"href":"https:\/\/amsh.dk\/index.php?rest_route=\/wp\/v2\/pages\/106\/revisions\/1981"}],"up":[{"embeddable":true,"href":"https:\/\/amsh.dk\/index.php?rest_route=\/wp\/v2\/pages\/88"}],"wp:featuredmedia":[{"embeddable":true,"href":"https:\/\/amsh.dk\/index.php?rest_route=\/wp\/v2\/media\/1015"}],"wp:attachment":[{"href":"https:\/\/amsh.dk\/index.php?rest_route=%2Fwp%2Fv2%2Fmedia&parent=106"}],"curies":[{"name":"wp","href":"https:\/\/api.w.org\/{rel}","templated":true}]}}