{"id":100,"date":"2019-12-08T15:38:28","date_gmt":"2019-12-08T14:38:28","guid":{"rendered":"http:\/\/amsh.dk\/?page_id=100"},"modified":"2026-03-23T11:50:49","modified_gmt":"2026-03-23T10:50:49","slug":"arbejdsafklaring","status":"publish","type":"page","link":"https:\/\/amsh.dk\/?page_id=100","title":{"rendered":"Arbejdsafklaring"},"content":{"rendered":"\t\t<div data-elementor-type=\"wp-page\" data-elementor-id=\"100\" class=\"elementor elementor-100\" data-elementor-post-type=\"page\">\n\t\t\t\t<div class=\"elementor-element elementor-element-126963b e-flex e-con-boxed e-con e-parent\" data-id=\"126963b\" data-element_type=\"container\">\n\t\t\t\t\t<div class=\"e-con-inner\">\n\t\t\t\t<div class=\"elementor-element elementor-element-0bc1dae elementor-invisible elementor-widget elementor-widget-heading\" data-id=\"0bc1dae\" data-element_type=\"widget\" data-settings=\"{&quot;_animation&quot;:&quot;fadeInLeft&quot;}\" data-widget_type=\"heading.default\">\n\t\t\t\t\t<h2 class=\"elementor-heading-title elementor-size-default\">Arbejdsafklaring<\/h2>\t\t\t\t<\/div>\n\t\t\t\t\t<\/div>\n\t\t\t\t<\/div>\n\t\t<div class=\"elementor-element elementor-element-57ace95 e-flex e-con-boxed e-con e-parent\" data-id=\"57ace95\" data-element_type=\"container\">\n\t\t\t\t\t<div class=\"e-con-inner\">\n\t\t<div class=\"elementor-element elementor-element-1d46c4e e-flex e-con-boxed e-con e-child\" data-id=\"1d46c4e\" data-element_type=\"container\">\n\t\t\t\t\t<div class=\"e-con-inner\">\n\t\t\t\t<div class=\"elementor-element elementor-element-768dce1 elementor-widget elementor-widget-html\" data-id=\"768dce1\" data-element_type=\"widget\" data-widget_type=\"html.default\">\n\t\t\t\t\t<iframe loading=\"lazy\" src=\"https:\/\/www.facebook.com\/plugins\/video.php?height=317&href=https%3A%2F%2Fwww.facebook.com%2FAmagerSkovhjaelpere%2Fvideos%2F541439397924009%2F&show_text=false&width=560&t=0\" width=\"560\" height=\"317\" style=\"border:none;overflow:hidden\" scrolling=\"no\" frameborder=\"0\" allowfullscreen=\"true\" allow=\"autoplay; clipboard-write; encrypted-media; picture-in-picture; web-share\" allowFullScreen=\"true\"><\/iframe>\t\t\t\t<\/div>\n\t\t\t\t\t<\/div>\n\t\t\t\t<\/div>\n\t\t<div class=\"elementor-element elementor-element-bd38ee7 e-flex e-con-boxed e-con e-child\" data-id=\"bd38ee7\" data-element_type=\"container\">\n\t\t\t\t\t<div class=\"e-con-inner\">\n\t\t\t\t<div class=\"elementor-element elementor-element-911e16f elementor-widget elementor-widget-text-editor\" data-id=\"911e16f\" data-element_type=\"widget\" data-widget_type=\"text-editor.default\">\n\t\t\t\t\t\t\t\t\t<p data-start=\"139\" data-end=\"402\">Sammen med jobcentret og borgeren skr\u00e6ddersyr vi <strong data-start=\"188\" data-end=\"211\">jobafklaringsforl\u00f8b<\/strong>, som tilpasses den enkeltes behov, ressourcer og udviklingsm\u00e5l. Form\u00e5let er altid at styrke borgerens tilknytning til arbejdsmarkedet eller hj\u00e6lpe vedkommende videre mod relevant uddannelse.<\/p><p data-start=\"404\" data-end=\"572\">Arbejdsopgaverne i forl\u00f8bet sp\u00e6nder bredt og tilpasses l\u00f8bende, s\u00e5 borgeren f\u00e5r mulighed for at afpr\u00f8ve forskellige typer af arbejdsfunktioner, tempo og ansvarsomr\u00e5der.<\/p><p data-start=\"574\" data-end=\"712\">Det er jobcentret, der i samarbejde med borgeren vurderer, <strong data-start=\"633\" data-end=\"650\">om og hvorn\u00e5r<\/strong> arbejdspr\u00f8vning eller jobafklaring er det rette n\u00e6ste skridt.<\/p>\t\t\t\t\t\t\t\t<\/div>\n\t\t\t\t\t<\/div>\n\t\t\t\t<\/div>\n\t\t\t\t\t<\/div>\n\t\t\t\t<\/div>\n\t\t<div class=\"elementor-element elementor-element-754431d7 e-con-full e-flex e-con e-parent\" data-id=\"754431d7\" data-element_type=\"container\" data-settings=\"{&quot;background_background&quot;:&quot;classic&quot;}\">\n\t\t\t\t<\/div>\n\t\t\t\t<\/div>\n\t\t","protected":false},"excerpt":{"rendered":"<p>Arbejdsafklaring Sammen med jobcentret og borgeren skr\u00e6ddersyr vi jobafklaringsforl\u00f8b, som tilpasses den enkeltes behov, ressourcer og udviklingsm\u00e5l. Form\u00e5let er altid at styrke borgerens tilknytning til arbejdsmarkedet eller hj\u00e6lpe vedkommende videre mod relevant uddannelse. Arbejdsopgaverne i forl\u00f8bet sp\u00e6nder bredt og tilpasses l\u00f8bende, s\u00e5 borgeren f\u00e5r mulighed for at afpr\u00f8ve forskellige typer af arbejdsfunktioner, tempo og ansvarsomr\u00e5der. [&hellip;]<\/p>\n","protected":false},"author":1,"featured_media":853,"parent":88,"menu_order":4,"comment_status":"closed","ping_status":"closed","template":"","meta":{"ngg_post_thumbnail":0,"footnotes":""},"class_list":["post-100","page","type-page","status-publish","has-post-thumbnail","hentry"],"_links":{"self":[{"href":"https:\/\/amsh.dk\/index.php?rest_route=\/wp\/v2\/pages\/100","targetHints":{"allow":["GET"]}}],"collection":[{"href":"https:\/\/amsh.dk\/index.php?rest_route=\/wp\/v2\/pages"}],"about":[{"href":"https:\/\/amsh.dk\/index.php?rest_route=\/wp\/v2\/types\/page"}],"author":[{"embeddable":true,"href":"https:\/\/amsh.dk\/index.php?rest_route=\/wp\/v2\/users\/1"}],"replies":[{"embeddable":true,"href":"https:\/\/amsh.dk\/index.php?rest_route=%2Fwp%2Fv2%2Fcomments&post=100"}],"version-history":[{"count":31,"href":"https:\/\/amsh.dk\/index.php?rest_route=\/wp\/v2\/pages\/100\/revisions"}],"predecessor-version":[{"id":1977,"href":"https:\/\/amsh.dk\/index.php?rest_route=\/wp\/v2\/pages\/100\/revisions\/1977"}],"up":[{"embeddable":true,"href":"https:\/\/amsh.dk\/index.php?rest_route=\/wp\/v2\/pages\/88"}],"wp:featuredmedia":[{"embeddable":true,"href":"https:\/\/amsh.dk\/index.php?rest_route=\/wp\/v2\/media\/853"}],"wp:attachment":[{"href":"https:\/\/amsh.dk\/index.php?rest_route=%2Fwp%2Fv2%2Fmedia&parent=100"}],"curies":[{"name":"wp","href":"https:\/\/api.w.org\/{rel}","templated":true}]}}